{"id":1041,"date":"2018-11-28T16:41:24","date_gmt":"2018-11-28T16:41:24","guid":{"rendered":"https:\/\/www.parc-mille-iles.qc.ca\/exploration-centre\/centre-de-location-dembarcations\/"},"modified":"2025-10-16T08:29:29","modified_gmt":"2025-10-16T12:29:29","slug":"centre-de-location-dembarcations","status":"publish","type":"page","link":"https:\/\/www.parc-mille-iles.qc.ca\/en\/what-to-do\/centre-de-location-dembarcations\/","title":{"rendered":"Watercraft Rental Center"},"content":{"rendered":"<div class=\"wp-block-columns has-2-columns\">\n<h2><span style=\"color: #ff0000; font-size: 12pt;\"><strong>OUR WATERCRAFT RENTAL CENTER IS NOW CLOSED FOR WINTER SEASON. We will be happy to welcome you for 2026 summer season ! Do not forget to follow us on social media @parc1000iles and have a look at our activities calendar :\u00a0 <a href=\"https:\/\/www.parc-mille-iles.qc.ca\/en\/calendar\/\">Calendar &#8211; Parc de la Rivi\u00e8re-des-Mille-\u00celes<\/a>\u00a0<\/strong><\/span><\/h2>\n<\/div>\n\n\n<div class=\"wp-block-columns has-2-columns is-layout-flex wp-container-core-columns-is-layout-9d6595d7 wp-block-columns-is-layout-flex\">\n\n<div class=\"wp-block-column is-layout-flow wp-block-column-is-layout-flow\">\n\n<p><span style=\"color: #008000;\"><strong>Doing an activity at the Park also means contributing to the protection, conservation and enhancement of the Rivi\u00e8re des Mille \u00eeles and its tributaries. The funds raised are used to conserve the river&#8217;s rich natural environments and species at risk.<\/strong><\/span><\/p>\r\n<ul>\r\n\t<li>Parc de la Rivi\u00e8re-des-Mille-\u00celes secteur Berge du Garrot, <a href=\"https:\/\/www.parc-mille-iles.qc.ca\/en\/laval\/\">Laval\u00a0<\/a><\/li>\r\n\t<li>Parc de la Rivi\u00e8re-des-Mille-\u00celes secteur Parc Charbonneau, <a href=\"https:\/\/www.parc-mille-iles.qc.ca\/en\/rosemere\/\">Rosem\u00e8re<\/a><\/li>\r\n\t<li>Parc de la Rivi\u00e8re-des-Mille-\u00celes secteur Parc des Berges, <a href=\"https:\/\/www.parc-mille-iles.qc.ca\/en\/boisbriand\/\">Boisbriand<\/a><\/li>\r\n\t<li>Parc de la Rivi\u00e8re-des-Mille-\u00celes secteur Parc Bois\u00e9 des Moissons, <a href=\"https:\/\/www.parc-mille-iles.qc.ca\/en\/saint-eustache\/\">Saint-Eustache<\/a><\/li>\r\n\t<li><span style=\"color: #339966;\"><strong>NEW : Parc de la Rivi\u00e8re-des-Mille-\u00celes secteur Parc de la L\u00e9gion Royale Canadienne, <a href=\"https:\/\/www.parc-mille-iles.qc.ca\/en\/deux-montagnes\/\">Deux-Montagnes<\/a><\/strong><\/span><\/li>\r\n<\/ul>\r\n<p><strong><em>\u00a0<\/em><a style=\"display: inline-block; background-color: #009cdf; color: #ffffff; padding: 12px 24px; text-decoration: none; border-radius: 3px; font-size: 16px;\" href=\"\/?activites_saisons=paddle-through-the-bayou\">For more informations, click here<\/a><\/strong><\/p>\r\n<h3 class=\"wp-block-heading\">Solo, with family or friends<\/h3>\r\n<p>Did you know? Our boat rental center is one of the largest in Quebec!<strong> Rent a boat and set off on an adventure through the islands and marshes.<\/strong><\/p>\r\n<p>You can rent the boat of your choice (canoe, single or double kayak and paddleboard) on a first-come, first-served basis.<\/p>\r\n<p>Boat rentals are available for three-hour blocks or for the day.<\/p>\r\n<p><strong>Minimum age to rent a boat: 16 years<\/strong><\/p>\r\n<p><strong>Minimum age to be alone in a boat: 14 and over<\/strong> (14- and 15-year-olds must be accompanied by an adult).<\/p>\r\n<p><img loading=\"lazy\" decoding=\"async\" class=\"wp-image-5811  alignnone\" src=\"https:\/\/www.parc-mille-iles.qc.ca\/wp-content\/uploads\/2018\/11\/Benevolat11-2.png\" alt=\"\" width=\"66\" height=\"49\" \/> In a canoe: <strong>2 adults and 1 child (5 feet or less) \u00a0\u00a0<\/strong><\/p>\r\n<p><strong><img loading=\"lazy\" decoding=\"async\" class=\"wp-image-5807  alignnone\" src=\"https:\/\/www.parc-mille-iles.qc.ca\/wp-content\/uploads\/2018\/11\/Benevolat33-1-300x157.png\" alt=\"\" width=\"68\" height=\"36\" srcset=\"https:\/\/www.parc-mille-iles.qc.ca\/wp-content\/uploads\/2018\/11\/Benevolat33-1-300x157.png 300w, https:\/\/www.parc-mille-iles.qc.ca\/wp-content\/uploads\/2018\/11\/Benevolat33-1.png 391w\" sizes=\"auto, (max-width: 68px) 100vw, 68px\" \/><\/strong>In a canoe:<strong> 2 adults and 2 children (4 feet or less)<\/strong><\/p>\r\n<h3>Rates<\/h3>\r\n<p><strong>Canoe<\/strong><\/p>\r\n<ul>\r\n\t<li>3h : 39,75$<\/li>\r\n\t<li>Full day: $50.75<\/li>\r\n\t<li>Canoe delay: $10 per 30 minutes started<\/li>\r\n<\/ul>\r\n<p><strong>Rowboat<\/strong><\/p>\r\n<ul>\r\n\t<li>3h : 39,75$<\/li>\r\n\t<li>All day: $50.75<\/li>\r\n\t<li>Rowboat delay: $10 per 30 minutes started<\/li>\r\n<\/ul>\r\n<p><strong>Single kayak<\/strong><\/p>\r\n<ul>\r\n\t<li>3h : 36,75$<\/li>\r\n\t<li>Full day: $48.50<\/li>\r\n\t<li>Single kayak delay: $10 per 30 minutes started<\/li>\r\n<\/ul>\r\n<p><strong>Double kayak<\/strong><\/p>\r\n<ul>\r\n\t<li>3h : 53,75$<\/li>\r\n\t<li>Full day: $69<\/li>\r\n\t<li>Delayed double kayak: $15 per 30 minutes started<\/li>\r\n<\/ul>\r\n<p><strong>Rabaska<\/strong><\/p>\r\n<ul>\r\n\t<li>3h : 96$<\/li>\r\n\t<li>Full day: $125<\/li>\r\n\t<li>Delayed rabaska: $25 per 30 minutes started<\/li>\r\n<\/ul>\r\n<p><strong>SUP \/ Paddleboard<\/strong><\/p>\r\n<ul>\r\n\t<li>3h : 36,75$<\/li>\r\n\t<li>Full day: $48.50<\/li>\r\n\t<li>SUP delay: $10 per 30 minutes started<\/li>\r\n<\/ul>\r\n<p><strong>Other<\/strong><\/p>\r\n<ul>\r\n\t<li>Paddle without boat rental: $10<\/li>\r\n\t<li>Self-launching Day pass: $12.50<\/li>\r\n\t<li>Self-launching Season pass: $50<\/li>\r\n\t<li>Additional lifejacket or paddle: $8<\/li>\r\n\t<li>Waterproof bag: $6.50<\/li>\r\n\t<li>Waterproof bag for XL cell phone: $15.50<\/li>\r\n\t<li>Waterproof bag for regular cell phone: $13.50<\/li>\r\n<\/ul>\r\n<p><strong><em>\u00a0<\/em><a style=\"display: inline-block; background-color: #009cdf; color: #ffffff; padding: 12px 24px; text-decoration: none; border-radius: 3px; font-size: 16px;\" href=\"\/?activites_saisons=watercraft-self-launching\">Informations on watercraft self launching<\/a><\/strong><\/p>\r\n<p><strong>Rates valid from April 1, 2025 to March 31, 2026, prices before taxes.<\/strong><\/p>\r\n<p><strong>NEW: For the 40th anniversary of \u00c9co-Nature, all boat rentals include a free admission to the Museum during the summer (except Rabaska).<\/strong><\/p>\r\n<p>*School groups, groups of 10 or more boats or 3 or more Rabaska boats receive a 20% discount.<\/p>\r\n<p>** The towns of Rosem\u00e8re and Boisbriand receive a 15% discount on presentation of their citizen card.<\/p>\r\n<p>*** Members receive a 10% discount, excluding rabaskas.<\/p>\r\n<p>**** Discounts for members and advantage card holders are cumulative.<\/p>\r\n<p>&nbsp;<\/p>\r\n<p><b><strong><a href=\"https:\/\/www.parc-mille-iles.qc.ca\/en\/activities\/#map\">Try our interactive river tour!<\/a><\/strong><\/b><\/p>\n\n\r\n\n<p class=\"btn btn--bg btn--primary\"><a href=\"\/?activites_saisons=paddle-through-the-bayou\">For more details, click here<\/a><\/p>\r\n<\/div>\n\n<\/div>\n\n","protected":false},"excerpt":{"rendered":"<p>OUR WATERCRAFT RENTAL CENTER IS NOW CLOSED FOR WINTER SEASON. We will be happy to welcome you for 2026 summer season ! Do not forget to follow us on social media @parc1000iles and have a look at our activities calendar :\u00a0 <a href=\"https:\/\/www.parc-mille-iles.qc.ca\/en\/calendar\/\">Calendar &#8211; Parc de la Rivi\u00e8re-des-Mille-\u00celes<\/a>\u00a0<\/p>\n<p>Doing an activity at the Park also means contributing to the protection, conservation and enhancement of the Rivi\u00e8re des Mille \u00eeles and its tributaries. The funds [&#8230;]<\/p>\n","protected":false},"author":1,"featured_media":0,"parent":11078,"menu_order":0,"comment_status":"closed","ping_status":"closed","template":"","meta":{"_acf_changed":false,"footnotes":""},"class_list":["post-1041","page","type-page","status-publish","hentry"],"acf":[],"yoast_head":"<!-- This site is optimized with the Yoast SEO plugin v27.5 - https:\/\/yoast.com\/product\/yoast-seo-wordpress\/ -->\n<title>Watercraft Rental Center - Parc de la Rivi\u00e8re-des-Mille-\u00celes<\/title>\n<meta name=\"description\" content=\"Le refuge faunique de la Rivi\u00e8re-des-Mille-\u00celes est une aire prot\u00e9g\u00e9e situ\u00e9 sur la rivi\u00e8re du m\u00eame nom \u00e0 Laval et Rosem\u00e8re. Le territoire du refuge est compos\u00e9 de dix \u00eeles ayant une superficie totale de 26 ha. Elle est g\u00e9r\u00e9e par l&#039;organisme \u00c9co-Nature\" \/>\n<meta name=\"robots\" content=\"index, follow, max-snippet:-1, max-image-preview:large, max-video-preview:-1\" \/>\n<link rel=\"canonical\" href=\"https:\/\/www.parc-mille-iles.qc.ca\/en\/what-to-do\/centre-de-location-dembarcations\/\" \/>\n<meta property=\"og:locale\" content=\"en_US\" \/>\n<meta property=\"og:type\" content=\"article\" \/>\n<meta property=\"og:title\" content=\"Watercraft Rental Center - Parc de la Rivi\u00e8re-des-Mille-\u00celes\" \/>\n<meta property=\"og:description\" content=\"Le refuge faunique de la Rivi\u00e8re-des-Mille-\u00celes est une aire prot\u00e9g\u00e9e situ\u00e9 sur la rivi\u00e8re du m\u00eame nom \u00e0 Laval et Rosem\u00e8re. Le territoire du refuge est compos\u00e9 de dix \u00eeles ayant une superficie totale de 26 ha. Elle est g\u00e9r\u00e9e par l&#039;organisme \u00c9co-Nature\" \/>\n<meta property=\"og:url\" content=\"https:\/\/www.parc-mille-iles.qc.ca\/en\/what-to-do\/centre-de-location-dembarcations\/\" \/>\n<meta property=\"og:site_name\" content=\"Parc de la Rivi\u00e8re-des-Mille-\u00celes\" \/>\n<meta property=\"article:publisher\" content=\"https:\/\/fr-ca.facebook.com\/parc1000iles\/\" \/>\n<meta property=\"article:modified_time\" content=\"2025-10-16T12:29:29+00:00\" \/>\n<meta property=\"og:image\" content=\"https:\/\/www.parc-mille-iles.qc.ca\/wp-content\/uploads\/2018\/11\/Benevolat11-2.png\" \/>\n\t<meta property=\"og:image:width\" content=\"269\" \/>\n\t<meta property=\"og:image:height\" content=\"204\" \/>\n\t<meta property=\"og:image:type\" content=\"image\/png\" \/>\n<meta name=\"twitter:card\" content=\"summary_large_image\" \/>\n<meta name=\"twitter:label1\" content=\"Est. reading time\" \/>\n\t<meta name=\"twitter:data1\" content=\"3 minutes\" \/>\n<script type=\"application\/ld+json\" class=\"yoast-schema-graph\">{\"@context\":\"https:\\\/\\\/schema.org\",\"@graph\":[{\"@type\":\"WebPage\",\"@id\":\"https:\\\/\\\/www.parc-mille-iles.qc.ca\\\/en\\\/what-to-do\\\/centre-de-location-dembarcations\\\/\",\"url\":\"https:\\\/\\\/www.parc-mille-iles.qc.ca\\\/en\\\/what-to-do\\\/centre-de-location-dembarcations\\\/\",\"name\":\"Watercraft Rental Center - Parc de la Rivi\u00e8re-des-Mille-\u00celes\",\"isPartOf\":{\"@id\":\"https:\\\/\\\/www.parc-mille-iles.qc.ca\\\/#website\"},\"primaryImageOfPage\":{\"@id\":\"https:\\\/\\\/www.parc-mille-iles.qc.ca\\\/en\\\/what-to-do\\\/centre-de-location-dembarcations\\\/#primaryimage\"},\"image\":{\"@id\":\"https:\\\/\\\/www.parc-mille-iles.qc.ca\\\/en\\\/what-to-do\\\/centre-de-location-dembarcations\\\/#primaryimage\"},\"thumbnailUrl\":\"https:\\\/\\\/www.parc-mille-iles.qc.ca\\\/wp-content\\\/uploads\\\/2018\\\/11\\\/Benevolat11-2.png\",\"datePublished\":\"2018-11-28T16:41:24+00:00\",\"dateModified\":\"2025-10-16T12:29:29+00:00\",\"description\":\"Le refuge faunique de la Rivi\u00e8re-des-Mille-\u00celes est une aire prot\u00e9g\u00e9e situ\u00e9 sur la rivi\u00e8re du m\u00eame nom \u00e0 Laval et Rosem\u00e8re. Le territoire du refuge est compos\u00e9 de dix \u00eeles ayant une superficie totale de 26 ha. Elle est g\u00e9r\u00e9e par l'organisme \u00c9co-Nature\",\"breadcrumb\":{\"@id\":\"https:\\\/\\\/www.parc-mille-iles.qc.ca\\\/en\\\/what-to-do\\\/centre-de-location-dembarcations\\\/#breadcrumb\"},\"inLanguage\":\"en-US\",\"potentialAction\":[{\"@type\":\"ReadAction\",\"target\":[\"https:\\\/\\\/www.parc-mille-iles.qc.ca\\\/en\\\/what-to-do\\\/centre-de-location-dembarcations\\\/\"]}]},{\"@type\":\"ImageObject\",\"inLanguage\":\"en-US\",\"@id\":\"https:\\\/\\\/www.parc-mille-iles.qc.ca\\\/en\\\/what-to-do\\\/centre-de-location-dembarcations\\\/#primaryimage\",\"url\":\"https:\\\/\\\/www.parc-mille-iles.qc.ca\\\/wp-content\\\/uploads\\\/2018\\\/11\\\/Benevolat11-2.png\",\"contentUrl\":\"https:\\\/\\\/www.parc-mille-iles.qc.ca\\\/wp-content\\\/uploads\\\/2018\\\/11\\\/Benevolat11-2.png\"},{\"@type\":\"BreadcrumbList\",\"@id\":\"https:\\\/\\\/www.parc-mille-iles.qc.ca\\\/en\\\/what-to-do\\\/centre-de-location-dembarcations\\\/#breadcrumb\",\"itemListElement\":[{\"@type\":\"ListItem\",\"position\":1,\"name\":\"Accueil\",\"item\":\"https:\\\/\\\/www.parc-mille-iles.qc.ca\\\/en\\\/\"},{\"@type\":\"ListItem\",\"position\":2,\"name\":\"What to Do\",\"item\":\"https:\\\/\\\/www.parc-mille-iles.qc.ca\\\/en\\\/what-to-do\\\/\"},{\"@type\":\"ListItem\",\"position\":3,\"name\":\"Watercraft Rental Center\"}]},{\"@type\":\"WebSite\",\"@id\":\"https:\\\/\\\/www.parc-mille-iles.qc.ca\\\/#website\",\"url\":\"https:\\\/\\\/www.parc-mille-iles.qc.ca\\\/\",\"name\":\"Parc de la Rivi\u00e8re-des-Mille-\u00celes\",\"description\":\"\",\"potentialAction\":[{\"@type\":\"SearchAction\",\"target\":{\"@type\":\"EntryPoint\",\"urlTemplate\":\"https:\\\/\\\/www.parc-mille-iles.qc.ca\\\/?s={search_term_string}\"},\"query-input\":{\"@type\":\"PropertyValueSpecification\",\"valueRequired\":true,\"valueName\":\"search_term_string\"}}],\"inLanguage\":\"en-US\"}]}<\/script>\n<!-- \/ Yoast SEO plugin. -->","yoast_head_json":{"title":"Watercraft Rental Center - Parc de la Rivi\u00e8re-des-Mille-\u00celes","description":"Le refuge faunique de la Rivi\u00e8re-des-Mille-\u00celes est une aire prot\u00e9g\u00e9e situ\u00e9 sur la rivi\u00e8re du m\u00eame nom \u00e0 Laval et Rosem\u00e8re. Le territoire du refuge est compos\u00e9 de dix \u00eeles ayant une superficie totale de 26 ha. Elle est g\u00e9r\u00e9e par l'organisme \u00c9co-Nature","robots":{"index":"index","follow":"follow","max-snippet":"max-snippet:-1","max-image-preview":"max-image-preview:large","max-video-preview":"max-video-preview:-1"},"canonical":"https:\/\/www.parc-mille-iles.qc.ca\/en\/what-to-do\/centre-de-location-dembarcations\/","og_locale":"en_US","og_type":"article","og_title":"Watercraft Rental Center - Parc de la Rivi\u00e8re-des-Mille-\u00celes","og_description":"Le refuge faunique de la Rivi\u00e8re-des-Mille-\u00celes est une aire prot\u00e9g\u00e9e situ\u00e9 sur la rivi\u00e8re du m\u00eame nom \u00e0 Laval et Rosem\u00e8re. Le territoire du refuge est compos\u00e9 de dix \u00eeles ayant une superficie totale de 26 ha. Elle est g\u00e9r\u00e9e par l'organisme \u00c9co-Nature","og_url":"https:\/\/www.parc-mille-iles.qc.ca\/en\/what-to-do\/centre-de-location-dembarcations\/","og_site_name":"Parc de la Rivi\u00e8re-des-Mille-\u00celes","article_publisher":"https:\/\/fr-ca.facebook.com\/parc1000iles\/","article_modified_time":"2025-10-16T12:29:29+00:00","og_image":[{"width":269,"height":204,"url":"https:\/\/www.parc-mille-iles.qc.ca\/wp-content\/uploads\/2018\/11\/Benevolat11-2.png","type":"image\/png"}],"twitter_card":"summary_large_image","twitter_misc":{"Est. reading time":"3 minutes"},"schema":{"@context":"https:\/\/schema.org","@graph":[{"@type":"WebPage","@id":"https:\/\/www.parc-mille-iles.qc.ca\/en\/what-to-do\/centre-de-location-dembarcations\/","url":"https:\/\/www.parc-mille-iles.qc.ca\/en\/what-to-do\/centre-de-location-dembarcations\/","name":"Watercraft Rental Center - Parc de la Rivi\u00e8re-des-Mille-\u00celes","isPartOf":{"@id":"https:\/\/www.parc-mille-iles.qc.ca\/#website"},"primaryImageOfPage":{"@id":"https:\/\/www.parc-mille-iles.qc.ca\/en\/what-to-do\/centre-de-location-dembarcations\/#primaryimage"},"image":{"@id":"https:\/\/www.parc-mille-iles.qc.ca\/en\/what-to-do\/centre-de-location-dembarcations\/#primaryimage"},"thumbnailUrl":"https:\/\/www.parc-mille-iles.qc.ca\/wp-content\/uploads\/2018\/11\/Benevolat11-2.png","datePublished":"2018-11-28T16:41:24+00:00","dateModified":"2025-10-16T12:29:29+00:00","description":"Le refuge faunique de la Rivi\u00e8re-des-Mille-\u00celes est une aire prot\u00e9g\u00e9e situ\u00e9 sur la rivi\u00e8re du m\u00eame nom \u00e0 Laval et Rosem\u00e8re. Le territoire du refuge est compos\u00e9 de dix \u00eeles ayant une superficie totale de 26 ha. Elle est g\u00e9r\u00e9e par l'organisme \u00c9co-Nature","breadcrumb":{"@id":"https:\/\/www.parc-mille-iles.qc.ca\/en\/what-to-do\/centre-de-location-dembarcations\/#breadcrumb"},"inLanguage":"en-US","potentialAction":[{"@type":"ReadAction","target":["https:\/\/www.parc-mille-iles.qc.ca\/en\/what-to-do\/centre-de-location-dembarcations\/"]}]},{"@type":"ImageObject","inLanguage":"en-US","@id":"https:\/\/www.parc-mille-iles.qc.ca\/en\/what-to-do\/centre-de-location-dembarcations\/#primaryimage","url":"https:\/\/www.parc-mille-iles.qc.ca\/wp-content\/uploads\/2018\/11\/Benevolat11-2.png","contentUrl":"https:\/\/www.parc-mille-iles.qc.ca\/wp-content\/uploads\/2018\/11\/Benevolat11-2.png"},{"@type":"BreadcrumbList","@id":"https:\/\/www.parc-mille-iles.qc.ca\/en\/what-to-do\/centre-de-location-dembarcations\/#breadcrumb","itemListElement":[{"@type":"ListItem","position":1,"name":"Accueil","item":"https:\/\/www.parc-mille-iles.qc.ca\/en\/"},{"@type":"ListItem","position":2,"name":"What to Do","item":"https:\/\/www.parc-mille-iles.qc.ca\/en\/what-to-do\/"},{"@type":"ListItem","position":3,"name":"Watercraft Rental Center"}]},{"@type":"WebSite","@id":"https:\/\/www.parc-mille-iles.qc.ca\/#website","url":"https:\/\/www.parc-mille-iles.qc.ca\/","name":"Parc de la Rivi\u00e8re-des-Mille-\u00celes","description":"","potentialAction":[{"@type":"SearchAction","target":{"@type":"EntryPoint","urlTemplate":"https:\/\/www.parc-mille-iles.qc.ca\/?s={search_term_string}"},"query-input":{"@type":"PropertyValueSpecification","valueRequired":true,"valueName":"search_term_string"}}],"inLanguage":"en-US"}]}},"_links":{"self":[{"href":"https:\/\/www.parc-mille-iles.qc.ca\/en\/wp-json\/wp\/v2\/pages\/1041","targetHints":{"allow":["GET"]}}],"collection":[{"href":"https:\/\/www.parc-mille-iles.qc.ca\/en\/wp-json\/wp\/v2\/pages"}],"about":[{"href":"https:\/\/www.parc-mille-iles.qc.ca\/en\/wp-json\/wp\/v2\/types\/page"}],"author":[{"embeddable":true,"href":"https:\/\/www.parc-mille-iles.qc.ca\/en\/wp-json\/wp\/v2\/users\/1"}],"replies":[{"embeddable":true,"href":"https:\/\/www.parc-mille-iles.qc.ca\/en\/wp-json\/wp\/v2\/comments?post=1041"}],"version-history":[{"count":16,"href":"https:\/\/www.parc-mille-iles.qc.ca\/en\/wp-json\/wp\/v2\/pages\/1041\/revisions"}],"predecessor-version":[{"id":12062,"href":"https:\/\/www.parc-mille-iles.qc.ca\/en\/wp-json\/wp\/v2\/pages\/1041\/revisions\/12062"}],"up":[{"embeddable":true,"href":"https:\/\/www.parc-mille-iles.qc.ca\/en\/wp-json\/wp\/v2\/pages\/11078"}],"wp:attachment":[{"href":"https:\/\/www.parc-mille-iles.qc.ca\/en\/wp-json\/wp\/v2\/media?parent=1041"}],"curies":[{"name":"wp","href":"https:\/\/api.w.org\/{rel}","templated":true}]}}