{"id":1048,"date":"2018-11-28T16:37:24","date_gmt":"2018-11-28T16:37:24","guid":{"rendered":"https:\/\/www.parc-mille-iles.qc.ca\/exploration-centre\/laboratoire-decologie\/"},"modified":"2025-02-10T10:09:13","modified_gmt":"2025-02-10T15:09:13","slug":"ecology-lab","status":"publish","type":"page","link":"https:\/\/www.parc-mille-iles.qc.ca\/en\/what-to-do\/ecology-lab\/","title":{"rendered":"Ecology Lab"},"content":{"rendered":"\r\n<h4 class=\"wp-block-heading\"><strong>Visit our ecology lab and discover the secrets of the Mille \u00celes River! <\/strong><\/h4>\r\n<p><span data-preserver-spaces=\"true\">Several living species inhabit the many habitats of our lab. During the tour, our biologists will present the main characteristics of these fascinating animals that populate our territory. You will also learn more about the actions put in place to protect these vulnerable species and good civic practices to contribute to the conservation of this natural environment.<\/span><\/p>\r\n<p><span data-preserver-spaces=\"true\">Add a visit to the laboratory to your museum visit. Ask at the ticket office during your next visit!<\/span><\/p>\r\n<p><strong>Contact us to know more about our animated or guided tours and our many packages : 450 622-1020 ext. 270<\/strong><\/p>\r\n<ul>\r\n\t<li><img decoding=\"async\" src=\"https:\/\/www.parc-mille-iles.qc.ca\/wp-content\/uploads\/2019\/04\/laboratoire-01-1024x683.jpg\" \/><\/li>\r\n\t<li><img decoding=\"async\" src=\"https:\/\/www.parc-mille-iles.qc.ca\/wp-content\/uploads\/2019\/04\/laboratoire-02-1024x683.jpg\" \/><\/li>\r\n\t<li><img decoding=\"async\" src=\"https:\/\/www.parc-mille-iles.qc.ca\/wp-content\/uploads\/2019\/04\/laboratoire-03-1024x683.jpg\" \/><\/li>\r\n\t<li><img loading=\"lazy\" decoding=\"async\" width=\"1024\" height=\"683\" class=\"wp-image-1588\" src=\"https:\/\/www.parc-mille-iles.qc.ca\/wp-content\/uploads\/2019\/04\/laboratoire-04-1024x683.jpg\" alt=\"\" data-id=\"1588\" data-link=\"https:\/\/www.parc-mille-iles.qc.ca\/centre-dexploration\/laboratoire-decologie\/laboratoire-04\/\" srcset=\"https:\/\/www.parc-mille-iles.qc.ca\/wp-content\/uploads\/2019\/04\/laboratoire-04-1024x683.jpg 1024w, https:\/\/www.parc-mille-iles.qc.ca\/wp-content\/uploads\/2019\/04\/laboratoire-04-300x200.jpg 300w, https:\/\/www.parc-mille-iles.qc.ca\/wp-content\/uploads\/2019\/04\/laboratoire-04-768x512.jpg 768w, https:\/\/www.parc-mille-iles.qc.ca\/wp-content\/uploads\/2019\/04\/laboratoire-04.jpg 1050w\" sizes=\"auto, (max-width: 1024px) 100vw, 1024px\" \/><\/li>\r\n\t<li><img loading=\"lazy\" decoding=\"async\" width=\"1024\" height=\"683\" class=\"wp-image-1590\" src=\"https:\/\/www.parc-mille-iles.qc.ca\/wp-content\/uploads\/2019\/04\/laboratoire-05-1024x683.jpg\" alt=\"\" data-id=\"1590\" data-link=\"https:\/\/www.parc-mille-iles.qc.ca\/centre-dexploration\/laboratoire-decologie\/laboratoire-05\/\" srcset=\"https:\/\/www.parc-mille-iles.qc.ca\/wp-content\/uploads\/2019\/04\/laboratoire-05-1024x683.jpg 1024w, https:\/\/www.parc-mille-iles.qc.ca\/wp-content\/uploads\/2019\/04\/laboratoire-05-300x200.jpg 300w, https:\/\/www.parc-mille-iles.qc.ca\/wp-content\/uploads\/2019\/04\/laboratoire-05-768x512.jpg 768w, https:\/\/www.parc-mille-iles.qc.ca\/wp-content\/uploads\/2019\/04\/laboratoire-05.jpg 1050w\" sizes=\"auto, (max-width: 1024px) 100vw, 1024px\" \/><\/li>\r\n<\/ul>\r\n","protected":false},"excerpt":{"rendered":"<p>Visit our ecology lab and discover the secrets of the Mille \u00celes River!<br \/>\nSeveral living species inhabit the many habitats of our lab. During the tour, our biologists will present the main characteristics of these fascinating animals that populate our territory. You will also learn more about the actions put in place to protect these vulnerable species and good civic practices to contribute to the conservation of this natural environment.<br \/>\nAdd a visit to the [&#8230;]<\/p>\n","protected":false},"author":1,"featured_media":0,"parent":11078,"menu_order":0,"comment_status":"closed","ping_status":"closed","template":"","meta":{"_acf_changed":false,"footnotes":""},"class_list":["post-1048","page","type-page","status-publish","hentry"],"acf":[],"yoast_head":"<!-- This site is optimized with the Yoast SEO plugin v27.3 - https:\/\/yoast.com\/product\/yoast-seo-wordpress\/ -->\n<title>Ecology Lab - Parc de la Rivi\u00e8re-des-Mille-\u00celes<\/title>\n<meta name=\"description\" content=\"Le refuge faunique de la Rivi\u00e8re-des-Mille-\u00celes est une aire prot\u00e9g\u00e9e situ\u00e9 sur la rivi\u00e8re du m\u00eame nom \u00e0 Laval et Rosem\u00e8re. Le territoire du refuge est compos\u00e9 de dix \u00eeles ayant une superficie totale de 26 ha. Elle est g\u00e9r\u00e9e par l&#039;organisme \u00c9co-Nature\" \/>\n<meta name=\"robots\" content=\"index, follow, max-snippet:-1, max-image-preview:large, max-video-preview:-1\" \/>\n<link rel=\"canonical\" href=\"https:\/\/www.parc-mille-iles.qc.ca\/en\/what-to-do\/ecology-lab\/\" \/>\n<meta property=\"og:locale\" content=\"en_US\" \/>\n<meta property=\"og:type\" content=\"article\" \/>\n<meta property=\"og:title\" content=\"Ecology Lab - Parc de la Rivi\u00e8re-des-Mille-\u00celes\" \/>\n<meta property=\"og:description\" content=\"Le refuge faunique de la Rivi\u00e8re-des-Mille-\u00celes est une aire prot\u00e9g\u00e9e situ\u00e9 sur la rivi\u00e8re du m\u00eame nom \u00e0 Laval et Rosem\u00e8re. Le territoire du refuge est compos\u00e9 de dix \u00eeles ayant une superficie totale de 26 ha. Elle est g\u00e9r\u00e9e par l&#039;organisme \u00c9co-Nature\" \/>\n<meta property=\"og:url\" content=\"https:\/\/www.parc-mille-iles.qc.ca\/en\/what-to-do\/ecology-lab\/\" \/>\n<meta property=\"og:site_name\" content=\"Parc de la Rivi\u00e8re-des-Mille-\u00celes\" \/>\n<meta property=\"article:publisher\" content=\"https:\/\/fr-ca.facebook.com\/parc1000iles\/\" \/>\n<meta property=\"article:modified_time\" content=\"2025-02-10T15:09:13+00:00\" \/>\n<meta property=\"og:image\" content=\"https:\/\/www.parc-mille-iles.qc.ca\/wp-content\/uploads\/2019\/04\/laboratoire-01-1024x683.jpg\" \/>\n<meta name=\"twitter:card\" content=\"summary_large_image\" \/>\n<meta name=\"twitter:label1\" content=\"Est. reading time\" \/>\n\t<meta name=\"twitter:data1\" content=\"2 minutes\" \/>\n<script type=\"application\/ld+json\" class=\"yoast-schema-graph\">{\"@context\":\"https:\\\/\\\/schema.org\",\"@graph\":[{\"@type\":\"WebPage\",\"@id\":\"https:\\\/\\\/www.parc-mille-iles.qc.ca\\\/en\\\/what-to-do\\\/ecology-lab\\\/\",\"url\":\"https:\\\/\\\/www.parc-mille-iles.qc.ca\\\/en\\\/what-to-do\\\/ecology-lab\\\/\",\"name\":\"Ecology Lab - Parc de la Rivi\u00e8re-des-Mille-\u00celes\",\"isPartOf\":{\"@id\":\"https:\\\/\\\/www.parc-mille-iles.qc.ca\\\/#website\"},\"primaryImageOfPage\":{\"@id\":\"https:\\\/\\\/www.parc-mille-iles.qc.ca\\\/en\\\/what-to-do\\\/ecology-lab\\\/#primaryimage\"},\"image\":{\"@id\":\"https:\\\/\\\/www.parc-mille-iles.qc.ca\\\/en\\\/what-to-do\\\/ecology-lab\\\/#primaryimage\"},\"thumbnailUrl\":\"https:\\\/\\\/www.parc-mille-iles.qc.ca\\\/wp-content\\\/uploads\\\/2019\\\/04\\\/laboratoire-01-1024x683.jpg\",\"datePublished\":\"2018-11-28T16:37:24+00:00\",\"dateModified\":\"2025-02-10T15:09:13+00:00\",\"description\":\"Le refuge faunique de la Rivi\u00e8re-des-Mille-\u00celes est une aire prot\u00e9g\u00e9e situ\u00e9 sur la rivi\u00e8re du m\u00eame nom \u00e0 Laval et Rosem\u00e8re. Le territoire du refuge est compos\u00e9 de dix \u00eeles ayant une superficie totale de 26 ha. Elle est g\u00e9r\u00e9e par l'organisme \u00c9co-Nature\",\"breadcrumb\":{\"@id\":\"https:\\\/\\\/www.parc-mille-iles.qc.ca\\\/en\\\/what-to-do\\\/ecology-lab\\\/#breadcrumb\"},\"inLanguage\":\"en-US\",\"potentialAction\":[{\"@type\":\"ReadAction\",\"target\":[\"https:\\\/\\\/www.parc-mille-iles.qc.ca\\\/en\\\/what-to-do\\\/ecology-lab\\\/\"]}]},{\"@type\":\"ImageObject\",\"inLanguage\":\"en-US\",\"@id\":\"https:\\\/\\\/www.parc-mille-iles.qc.ca\\\/en\\\/what-to-do\\\/ecology-lab\\\/#primaryimage\",\"url\":\"https:\\\/\\\/www.parc-mille-iles.qc.ca\\\/wp-content\\\/uploads\\\/2019\\\/04\\\/laboratoire-01-1024x683.jpg\",\"contentUrl\":\"https:\\\/\\\/www.parc-mille-iles.qc.ca\\\/wp-content\\\/uploads\\\/2019\\\/04\\\/laboratoire-01-1024x683.jpg\"},{\"@type\":\"BreadcrumbList\",\"@id\":\"https:\\\/\\\/www.parc-mille-iles.qc.ca\\\/en\\\/what-to-do\\\/ecology-lab\\\/#breadcrumb\",\"itemListElement\":[{\"@type\":\"ListItem\",\"position\":1,\"name\":\"Accueil\",\"item\":\"https:\\\/\\\/www.parc-mille-iles.qc.ca\\\/en\\\/\"},{\"@type\":\"ListItem\",\"position\":2,\"name\":\"What to Do\",\"item\":\"https:\\\/\\\/www.parc-mille-iles.qc.ca\\\/en\\\/what-to-do\\\/\"},{\"@type\":\"ListItem\",\"position\":3,\"name\":\"Ecology Lab\"}]},{\"@type\":\"WebSite\",\"@id\":\"https:\\\/\\\/www.parc-mille-iles.qc.ca\\\/#website\",\"url\":\"https:\\\/\\\/www.parc-mille-iles.qc.ca\\\/\",\"name\":\"Parc de la Rivi\u00e8re-des-Mille-\u00celes\",\"description\":\"\",\"potentialAction\":[{\"@type\":\"SearchAction\",\"target\":{\"@type\":\"EntryPoint\",\"urlTemplate\":\"https:\\\/\\\/www.parc-mille-iles.qc.ca\\\/?s={search_term_string}\"},\"query-input\":{\"@type\":\"PropertyValueSpecification\",\"valueRequired\":true,\"valueName\":\"search_term_string\"}}],\"inLanguage\":\"en-US\"}]}<\/script>\n<!-- \/ Yoast SEO plugin. -->","yoast_head_json":{"title":"Ecology Lab - Parc de la Rivi\u00e8re-des-Mille-\u00celes","description":"Le refuge faunique de la Rivi\u00e8re-des-Mille-\u00celes est une aire prot\u00e9g\u00e9e situ\u00e9 sur la rivi\u00e8re du m\u00eame nom \u00e0 Laval et Rosem\u00e8re. Le territoire du refuge est compos\u00e9 de dix \u00eeles ayant une superficie totale de 26 ha. Elle est g\u00e9r\u00e9e par l'organisme \u00c9co-Nature","robots":{"index":"index","follow":"follow","max-snippet":"max-snippet:-1","max-image-preview":"max-image-preview:large","max-video-preview":"max-video-preview:-1"},"canonical":"https:\/\/www.parc-mille-iles.qc.ca\/en\/what-to-do\/ecology-lab\/","og_locale":"en_US","og_type":"article","og_title":"Ecology Lab - Parc de la Rivi\u00e8re-des-Mille-\u00celes","og_description":"Le refuge faunique de la Rivi\u00e8re-des-Mille-\u00celes est une aire prot\u00e9g\u00e9e situ\u00e9 sur la rivi\u00e8re du m\u00eame nom \u00e0 Laval et Rosem\u00e8re. Le territoire du refuge est compos\u00e9 de dix \u00eeles ayant une superficie totale de 26 ha. Elle est g\u00e9r\u00e9e par l'organisme \u00c9co-Nature","og_url":"https:\/\/www.parc-mille-iles.qc.ca\/en\/what-to-do\/ecology-lab\/","og_site_name":"Parc de la Rivi\u00e8re-des-Mille-\u00celes","article_publisher":"https:\/\/fr-ca.facebook.com\/parc1000iles\/","article_modified_time":"2025-02-10T15:09:13+00:00","og_image":[{"url":"https:\/\/www.parc-mille-iles.qc.ca\/wp-content\/uploads\/2019\/04\/laboratoire-01-1024x683.jpg","type":"","width":"","height":""}],"twitter_card":"summary_large_image","twitter_misc":{"Est. reading time":"2 minutes"},"schema":{"@context":"https:\/\/schema.org","@graph":[{"@type":"WebPage","@id":"https:\/\/www.parc-mille-iles.qc.ca\/en\/what-to-do\/ecology-lab\/","url":"https:\/\/www.parc-mille-iles.qc.ca\/en\/what-to-do\/ecology-lab\/","name":"Ecology Lab - Parc de la Rivi\u00e8re-des-Mille-\u00celes","isPartOf":{"@id":"https:\/\/www.parc-mille-iles.qc.ca\/#website"},"primaryImageOfPage":{"@id":"https:\/\/www.parc-mille-iles.qc.ca\/en\/what-to-do\/ecology-lab\/#primaryimage"},"image":{"@id":"https:\/\/www.parc-mille-iles.qc.ca\/en\/what-to-do\/ecology-lab\/#primaryimage"},"thumbnailUrl":"https:\/\/www.parc-mille-iles.qc.ca\/wp-content\/uploads\/2019\/04\/laboratoire-01-1024x683.jpg","datePublished":"2018-11-28T16:37:24+00:00","dateModified":"2025-02-10T15:09:13+00:00","description":"Le refuge faunique de la Rivi\u00e8re-des-Mille-\u00celes est une aire prot\u00e9g\u00e9e situ\u00e9 sur la rivi\u00e8re du m\u00eame nom \u00e0 Laval et Rosem\u00e8re. Le territoire du refuge est compos\u00e9 de dix \u00eeles ayant une superficie totale de 26 ha. Elle est g\u00e9r\u00e9e par l'organisme \u00c9co-Nature","breadcrumb":{"@id":"https:\/\/www.parc-mille-iles.qc.ca\/en\/what-to-do\/ecology-lab\/#breadcrumb"},"inLanguage":"en-US","potentialAction":[{"@type":"ReadAction","target":["https:\/\/www.parc-mille-iles.qc.ca\/en\/what-to-do\/ecology-lab\/"]}]},{"@type":"ImageObject","inLanguage":"en-US","@id":"https:\/\/www.parc-mille-iles.qc.ca\/en\/what-to-do\/ecology-lab\/#primaryimage","url":"https:\/\/www.parc-mille-iles.qc.ca\/wp-content\/uploads\/2019\/04\/laboratoire-01-1024x683.jpg","contentUrl":"https:\/\/www.parc-mille-iles.qc.ca\/wp-content\/uploads\/2019\/04\/laboratoire-01-1024x683.jpg"},{"@type":"BreadcrumbList","@id":"https:\/\/www.parc-mille-iles.qc.ca\/en\/what-to-do\/ecology-lab\/#breadcrumb","itemListElement":[{"@type":"ListItem","position":1,"name":"Accueil","item":"https:\/\/www.parc-mille-iles.qc.ca\/en\/"},{"@type":"ListItem","position":2,"name":"What to Do","item":"https:\/\/www.parc-mille-iles.qc.ca\/en\/what-to-do\/"},{"@type":"ListItem","position":3,"name":"Ecology Lab"}]},{"@type":"WebSite","@id":"https:\/\/www.parc-mille-iles.qc.ca\/#website","url":"https:\/\/www.parc-mille-iles.qc.ca\/","name":"Parc de la Rivi\u00e8re-des-Mille-\u00celes","description":"","potentialAction":[{"@type":"SearchAction","target":{"@type":"EntryPoint","urlTemplate":"https:\/\/www.parc-mille-iles.qc.ca\/?s={search_term_string}"},"query-input":{"@type":"PropertyValueSpecification","valueRequired":true,"valueName":"search_term_string"}}],"inLanguage":"en-US"}]}},"_links":{"self":[{"href":"https:\/\/www.parc-mille-iles.qc.ca\/en\/wp-json\/wp\/v2\/pages\/1048","targetHints":{"allow":["GET"]}}],"collection":[{"href":"https:\/\/www.parc-mille-iles.qc.ca\/en\/wp-json\/wp\/v2\/pages"}],"about":[{"href":"https:\/\/www.parc-mille-iles.qc.ca\/en\/wp-json\/wp\/v2\/types\/page"}],"author":[{"embeddable":true,"href":"https:\/\/www.parc-mille-iles.qc.ca\/en\/wp-json\/wp\/v2\/users\/1"}],"replies":[{"embeddable":true,"href":"https:\/\/www.parc-mille-iles.qc.ca\/en\/wp-json\/wp\/v2\/comments?post=1048"}],"version-history":[{"count":7,"href":"https:\/\/www.parc-mille-iles.qc.ca\/en\/wp-json\/wp\/v2\/pages\/1048\/revisions"}],"predecessor-version":[{"id":11005,"href":"https:\/\/www.parc-mille-iles.qc.ca\/en\/wp-json\/wp\/v2\/pages\/1048\/revisions\/11005"}],"up":[{"embeddable":true,"href":"https:\/\/www.parc-mille-iles.qc.ca\/en\/wp-json\/wp\/v2\/pages\/11078"}],"wp:attachment":[{"href":"https:\/\/www.parc-mille-iles.qc.ca\/en\/wp-json\/wp\/v2\/media?parent=1048"}],"curies":[{"name":"wp","href":"https:\/\/api.w.org\/{rel}","templated":true}]}}