{"id":11823,"date":"2025-07-17T09:37:29","date_gmt":"2025-07-17T13:37:29","guid":{"rendered":"https:\/\/www.parc-mille-iles.qc.ca\/?page_id=11823"},"modified":"2025-09-02T10:08:21","modified_gmt":"2025-09-02T14:08:21","slug":"deux-montagnes","status":"publish","type":"page","link":"https:\/\/www.parc-mille-iles.qc.ca\/en\/deux-montagnes\/","title":{"rendered":"NEW : Deux-Montagnes"},"content":{"rendered":"<img loading=\"lazy\" decoding=\"async\" class=\"alignnone size-medium wp-image-11814\" src=\"https:\/\/www.parc-mille-iles.qc.ca\/wp-content\/uploads\/2025\/07\/image-28-parc-de-la-riviere-des-mille-les-300x169.jpg\" alt=\"\" width=\"300\" height=\"169\" srcset=\"https:\/\/www.parc-mille-iles.qc.ca\/wp-content\/uploads\/2025\/07\/image-28-parc-de-la-riviere-des-mille-les-300x169.jpg 300w, https:\/\/www.parc-mille-iles.qc.ca\/wp-content\/uploads\/2025\/07\/image-28-parc-de-la-riviere-des-mille-les-768x432.jpg 768w, https:\/\/www.parc-mille-iles.qc.ca\/wp-content\/uploads\/2025\/07\/image-28-parc-de-la-riviere-des-mille-les.jpg 800w\" sizes=\"auto, (max-width: 300px) 100vw, 300px\" \/> <img loading=\"lazy\" decoding=\"async\" class=\"alignnone size-medium wp-image-11812\" src=\"https:\/\/www.parc-mille-iles.qc.ca\/wp-content\/uploads\/2025\/07\/image-29-parc-de-la-riviere-des-mille-les-300x169.jpg\" alt=\"\" width=\"300\" height=\"169\" srcset=\"https:\/\/www.parc-mille-iles.qc.ca\/wp-content\/uploads\/2025\/07\/image-29-parc-de-la-riviere-des-mille-les-300x169.jpg 300w, https:\/\/www.parc-mille-iles.qc.ca\/wp-content\/uploads\/2025\/07\/image-29-parc-de-la-riviere-des-mille-les-768x432.jpg 768w, https:\/\/www.parc-mille-iles.qc.ca\/wp-content\/uploads\/2025\/07\/image-29-parc-de-la-riviere-des-mille-les.jpg 800w\" sizes=\"auto, (max-width: 300px) 100vw, 300px\" \/> <img loading=\"lazy\" decoding=\"async\" class=\"alignnone size-medium wp-image-11810\" src=\"https:\/\/www.parc-mille-iles.qc.ca\/wp-content\/uploads\/2025\/07\/image-30-parc-de-la-riviere-des-mille-les-300x169.jpg\" alt=\"\" width=\"300\" height=\"169\" srcset=\"https:\/\/www.parc-mille-iles.qc.ca\/wp-content\/uploads\/2025\/07\/image-30-parc-de-la-riviere-des-mille-les-300x169.jpg 300w, https:\/\/www.parc-mille-iles.qc.ca\/wp-content\/uploads\/2025\/07\/image-30-parc-de-la-riviere-des-mille-les-768x432.jpg 768w, https:\/\/www.parc-mille-iles.qc.ca\/wp-content\/uploads\/2025\/07\/image-30-parc-de-la-riviere-des-mille-les.jpg 800w\" sizes=\"auto, (max-width: 300px) 100vw, 300px\" \/> <img loading=\"lazy\" decoding=\"async\" class=\"alignnone size-medium wp-image-11808\" src=\"https:\/\/www.parc-mille-iles.qc.ca\/wp-content\/uploads\/2025\/07\/image-31-parc-de-la-riviere-des-mille-les-300x169.jpg\" alt=\"\" width=\"300\" height=\"169\" srcset=\"https:\/\/www.parc-mille-iles.qc.ca\/wp-content\/uploads\/2025\/07\/image-31-parc-de-la-riviere-des-mille-les-300x169.jpg 300w, https:\/\/www.parc-mille-iles.qc.ca\/wp-content\/uploads\/2025\/07\/image-31-parc-de-la-riviere-des-mille-les-1024x576.jpg 1024w, https:\/\/www.parc-mille-iles.qc.ca\/wp-content\/uploads\/2025\/07\/image-31-parc-de-la-riviere-des-mille-les-768x432.jpg 768w, https:\/\/www.parc-mille-iles.qc.ca\/wp-content\/uploads\/2025\/07\/image-31-parc-de-la-riviere-des-mille-les-1536x864.jpg 1536w, https:\/\/www.parc-mille-iles.qc.ca\/wp-content\/uploads\/2025\/07\/image-31-parc-de-la-riviere-des-mille-les.jpg 2048w\" sizes=\"auto, (max-width: 300px) 100vw, 300px\" \/> <img loading=\"lazy\" decoding=\"async\" class=\"alignnone size-medium wp-image-11806\" src=\"https:\/\/www.parc-mille-iles.qc.ca\/wp-content\/uploads\/2025\/07\/image-32-parc-de-la-riviere-des-mille-les-300x169.jpg\" alt=\"\" width=\"300\" height=\"169\" srcset=\"https:\/\/www.parc-mille-iles.qc.ca\/wp-content\/uploads\/2025\/07\/image-32-parc-de-la-riviere-des-mille-les-300x169.jpg 300w, https:\/\/www.parc-mille-iles.qc.ca\/wp-content\/uploads\/2025\/07\/image-32-parc-de-la-riviere-des-mille-les-1024x576.jpg 1024w, https:\/\/www.parc-mille-iles.qc.ca\/wp-content\/uploads\/2025\/07\/image-32-parc-de-la-riviere-des-mille-les-768x432.jpg 768w, https:\/\/www.parc-mille-iles.qc.ca\/wp-content\/uploads\/2025\/07\/image-32-parc-de-la-riviere-des-mille-les-1536x864.jpg 1536w, https:\/\/www.parc-mille-iles.qc.ca\/wp-content\/uploads\/2025\/07\/image-32-parc-de-la-riviere-des-mille-les.jpg 2048w\" sizes=\"auto, (max-width: 300px) 100vw, 300px\" \/>\n<p style=\"text-align: left;\"><span style=\"font-size: 14px;\">Solo, with family or friends, rent a boat and set off on an adventure through the islands and marshes. You can rent the boat of your choice on a first-come, first-served basis. Boat rentals are available for three-hour blocks or for the day.<\/span><\/p>\n<p style=\"text-align: left;\"><em><span style=\"font-size: 14px;\">The Deux-Montagnes ERRE site is part of our network of ERRE \u00c9comobilit\u00e9 sites<\/span>.\u00a0\u00a0<\/em><a style=\"display: inline-block; background-color: #009cdf; color: #ffffff; padding: 12px 24px; text-decoration: none; border-radius: 3px; font-size: 16px;\" href=\"https:\/\/erre.ca\"> Find out more<\/a><\/p>\n\n<h3>Informations<\/h3>\n<span style=\"color: #ff0000;\"><em><strong>The summer season is now over for our ERRE sites: a huge thank you to everyone for your wonderful visits, and see you next summer for our new adventures!<\/strong><\/em><\/span>\n<h3>Weather conditions<\/h3>\nOur boat rental centers may have to close quickly in the event of dangerous weather conditions, such as thunderstorms or gusty winds. As soon as conditions return to normal, our sites are reopened. Our priority is your safety! Please note that the centers remain open in the event of rain.\n\nIf you have any doubts about the weather, please call the Park reception desk for the current status of operations at 450.622.1020. Thank you for your understanding!\n\n********<b><\/b>\n\nLocated on the banks of the Rivi\u00e8re des Mille \u00celes, this brand-new ERRE site offers you a privileged gateway to an exceptional natural environment. Whether you&#8217;re a kayaker or a paddleboarder (SUP), it&#8217;s easy to rent a boat and discover a peaceful area rich in biodiversity.\n\n<b><strong><a href=\"https:\/\/www.parc-mille-iles.qc.ca\/en\/activities\/#map\">Try the interactive river tour!<\/a><\/strong><\/b>","protected":false},"excerpt":{"rendered":"<p>Solo, with family or friends, rent a boat and set off on an adventure through the islands and marshes. You can rent the boat of your choice on a first-come, first-served basis. Boat rentals are available for three-hour blocks or for the day.<br \/>\nThe Deux-Montagnes ERRE site is part of our network of ERRE \u00c9comobilit\u00e9 sites.\u00a0\u00a0<a style=\"display: inline-block; background-color: #009cdf; color: #ffffff; padding: 12px 24px; text-decoration: none; border-radius: 3px; font-size: 16px;\" href=\"https:\/\/erre.ca\"> Find out more<\/a><\/p>\n<p>Informations<br \/>\nThe summer season is now over for our ERRE sites: a huge thank [&#8230;]<\/p>\n","protected":false},"author":13,"featured_media":0,"parent":0,"menu_order":0,"comment_status":"closed","ping_status":"closed","template":"template-location.php","meta":{"_acf_changed":false,"footnotes":""},"class_list":["post-11823","page","type-page","status-publish","hentry"],"acf":[],"yoast_head":"<!-- This site is optimized with the Yoast SEO plugin v27.4 - https:\/\/yoast.com\/product\/yoast-seo-wordpress\/ -->\n<title>NEW : Deux-Montagnes - Parc de la Rivi\u00e8re-des-Mille-\u00celes<\/title>\n<meta name=\"description\" content=\"Le refuge faunique de la Rivi\u00e8re-des-Mille-\u00celes est une aire prot\u00e9g\u00e9e situ\u00e9 sur la rivi\u00e8re du m\u00eame nom \u00e0 Laval et Rosem\u00e8re. Le territoire du refuge est compos\u00e9 de dix \u00eeles ayant une superficie totale de 26 ha. Elle est g\u00e9r\u00e9e par l&#039;organisme \u00c9co-Nature\" \/>\n<meta name=\"robots\" content=\"index, follow, max-snippet:-1, max-image-preview:large, max-video-preview:-1\" \/>\n<link rel=\"canonical\" href=\"https:\/\/www.parc-mille-iles.qc.ca\/en\/deux-montagnes\/\" \/>\n<meta property=\"og:locale\" content=\"en_US\" \/>\n<meta property=\"og:type\" content=\"article\" \/>\n<meta property=\"og:title\" content=\"NEW : Deux-Montagnes - Parc de la Rivi\u00e8re-des-Mille-\u00celes\" \/>\n<meta property=\"og:description\" content=\"Le refuge faunique de la Rivi\u00e8re-des-Mille-\u00celes est une aire prot\u00e9g\u00e9e situ\u00e9 sur la rivi\u00e8re du m\u00eame nom \u00e0 Laval et Rosem\u00e8re. Le territoire du refuge est compos\u00e9 de dix \u00eeles ayant une superficie totale de 26 ha. Elle est g\u00e9r\u00e9e par l&#039;organisme \u00c9co-Nature\" \/>\n<meta property=\"og:url\" content=\"https:\/\/www.parc-mille-iles.qc.ca\/en\/deux-montagnes\/\" \/>\n<meta property=\"og:site_name\" content=\"Parc de la Rivi\u00e8re-des-Mille-\u00celes\" \/>\n<meta property=\"article:publisher\" content=\"https:\/\/fr-ca.facebook.com\/parc1000iles\/\" \/>\n<meta property=\"article:modified_time\" content=\"2025-09-02T14:08:21+00:00\" \/>\n<meta property=\"og:image\" content=\"https:\/\/www.parc-mille-iles.qc.ca\/wp-content\/uploads\/2025\/07\/image-28-parc-de-la-riviere-des-mille-les.jpg\" \/>\n\t<meta property=\"og:image:width\" content=\"800\" \/>\n\t<meta property=\"og:image:height\" content=\"450\" \/>\n\t<meta property=\"og:image:type\" content=\"image\/jpeg\" \/>\n<meta name=\"twitter:card\" content=\"summary_large_image\" \/>\n<meta name=\"twitter:label1\" content=\"Est. reading time\" \/>\n\t<meta name=\"twitter:data1\" content=\"2 minutes\" \/>\n<script type=\"application\/ld+json\" class=\"yoast-schema-graph\">{\"@context\":\"https:\\\/\\\/schema.org\",\"@graph\":[{\"@type\":\"WebPage\",\"@id\":\"https:\\\/\\\/www.parc-mille-iles.qc.ca\\\/en\\\/deux-montagnes\\\/\",\"url\":\"https:\\\/\\\/www.parc-mille-iles.qc.ca\\\/en\\\/deux-montagnes\\\/\",\"name\":\"NEW : Deux-Montagnes - Parc de la Rivi\u00e8re-des-Mille-\u00celes\",\"isPartOf\":{\"@id\":\"https:\\\/\\\/www.parc-mille-iles.qc.ca\\\/#website\"},\"primaryImageOfPage\":{\"@id\":\"https:\\\/\\\/www.parc-mille-iles.qc.ca\\\/en\\\/deux-montagnes\\\/#primaryimage\"},\"image\":{\"@id\":\"https:\\\/\\\/www.parc-mille-iles.qc.ca\\\/en\\\/deux-montagnes\\\/#primaryimage\"},\"thumbnailUrl\":\"https:\\\/\\\/www.parc-mille-iles.qc.ca\\\/wp-content\\\/uploads\\\/2025\\\/07\\\/image-28-parc-de-la-riviere-des-mille-les-300x169.jpg\",\"datePublished\":\"2025-07-17T13:37:29+00:00\",\"dateModified\":\"2025-09-02T14:08:21+00:00\",\"description\":\"Le refuge faunique de la Rivi\u00e8re-des-Mille-\u00celes est une aire prot\u00e9g\u00e9e situ\u00e9 sur la rivi\u00e8re du m\u00eame nom \u00e0 Laval et Rosem\u00e8re. Le territoire du refuge est compos\u00e9 de dix \u00eeles ayant une superficie totale de 26 ha. Elle est g\u00e9r\u00e9e par l'organisme \u00c9co-Nature\",\"breadcrumb\":{\"@id\":\"https:\\\/\\\/www.parc-mille-iles.qc.ca\\\/en\\\/deux-montagnes\\\/#breadcrumb\"},\"inLanguage\":\"en-US\",\"potentialAction\":[{\"@type\":\"ReadAction\",\"target\":[\"https:\\\/\\\/www.parc-mille-iles.qc.ca\\\/en\\\/deux-montagnes\\\/\"]}]},{\"@type\":\"ImageObject\",\"inLanguage\":\"en-US\",\"@id\":\"https:\\\/\\\/www.parc-mille-iles.qc.ca\\\/en\\\/deux-montagnes\\\/#primaryimage\",\"url\":\"https:\\\/\\\/www.parc-mille-iles.qc.ca\\\/wp-content\\\/uploads\\\/2025\\\/07\\\/image-28-parc-de-la-riviere-des-mille-les-300x169.jpg\",\"contentUrl\":\"https:\\\/\\\/www.parc-mille-iles.qc.ca\\\/wp-content\\\/uploads\\\/2025\\\/07\\\/image-28-parc-de-la-riviere-des-mille-les-300x169.jpg\"},{\"@type\":\"BreadcrumbList\",\"@id\":\"https:\\\/\\\/www.parc-mille-iles.qc.ca\\\/en\\\/deux-montagnes\\\/#breadcrumb\",\"itemListElement\":[{\"@type\":\"ListItem\",\"position\":1,\"name\":\"Accueil\",\"item\":\"https:\\\/\\\/www.parc-mille-iles.qc.ca\\\/en\\\/\"},{\"@type\":\"ListItem\",\"position\":2,\"name\":\"NEW : Deux-Montagnes\"}]},{\"@type\":\"WebSite\",\"@id\":\"https:\\\/\\\/www.parc-mille-iles.qc.ca\\\/#website\",\"url\":\"https:\\\/\\\/www.parc-mille-iles.qc.ca\\\/\",\"name\":\"Parc de la Rivi\u00e8re-des-Mille-\u00celes\",\"description\":\"\",\"potentialAction\":[{\"@type\":\"SearchAction\",\"target\":{\"@type\":\"EntryPoint\",\"urlTemplate\":\"https:\\\/\\\/www.parc-mille-iles.qc.ca\\\/?s={search_term_string}\"},\"query-input\":{\"@type\":\"PropertyValueSpecification\",\"valueRequired\":true,\"valueName\":\"search_term_string\"}}],\"inLanguage\":\"en-US\"}]}<\/script>\n<!-- \/ Yoast SEO plugin. -->","yoast_head_json":{"title":"NEW : Deux-Montagnes - Parc de la Rivi\u00e8re-des-Mille-\u00celes","description":"Le refuge faunique de la Rivi\u00e8re-des-Mille-\u00celes est une aire prot\u00e9g\u00e9e situ\u00e9 sur la rivi\u00e8re du m\u00eame nom \u00e0 Laval et Rosem\u00e8re. Le territoire du refuge est compos\u00e9 de dix \u00eeles ayant une superficie totale de 26 ha. Elle est g\u00e9r\u00e9e par l'organisme \u00c9co-Nature","robots":{"index":"index","follow":"follow","max-snippet":"max-snippet:-1","max-image-preview":"max-image-preview:large","max-video-preview":"max-video-preview:-1"},"canonical":"https:\/\/www.parc-mille-iles.qc.ca\/en\/deux-montagnes\/","og_locale":"en_US","og_type":"article","og_title":"NEW : Deux-Montagnes - Parc de la Rivi\u00e8re-des-Mille-\u00celes","og_description":"Le refuge faunique de la Rivi\u00e8re-des-Mille-\u00celes est une aire prot\u00e9g\u00e9e situ\u00e9 sur la rivi\u00e8re du m\u00eame nom \u00e0 Laval et Rosem\u00e8re. Le territoire du refuge est compos\u00e9 de dix \u00eeles ayant une superficie totale de 26 ha. Elle est g\u00e9r\u00e9e par l'organisme \u00c9co-Nature","og_url":"https:\/\/www.parc-mille-iles.qc.ca\/en\/deux-montagnes\/","og_site_name":"Parc de la Rivi\u00e8re-des-Mille-\u00celes","article_publisher":"https:\/\/fr-ca.facebook.com\/parc1000iles\/","article_modified_time":"2025-09-02T14:08:21+00:00","og_image":[{"width":800,"height":450,"url":"https:\/\/www.parc-mille-iles.qc.ca\/wp-content\/uploads\/2025\/07\/image-28-parc-de-la-riviere-des-mille-les.jpg","type":"image\/jpeg"}],"twitter_card":"summary_large_image","twitter_misc":{"Est. reading time":"2 minutes"},"schema":{"@context":"https:\/\/schema.org","@graph":[{"@type":"WebPage","@id":"https:\/\/www.parc-mille-iles.qc.ca\/en\/deux-montagnes\/","url":"https:\/\/www.parc-mille-iles.qc.ca\/en\/deux-montagnes\/","name":"NEW : Deux-Montagnes - Parc de la Rivi\u00e8re-des-Mille-\u00celes","isPartOf":{"@id":"https:\/\/www.parc-mille-iles.qc.ca\/#website"},"primaryImageOfPage":{"@id":"https:\/\/www.parc-mille-iles.qc.ca\/en\/deux-montagnes\/#primaryimage"},"image":{"@id":"https:\/\/www.parc-mille-iles.qc.ca\/en\/deux-montagnes\/#primaryimage"},"thumbnailUrl":"https:\/\/www.parc-mille-iles.qc.ca\/wp-content\/uploads\/2025\/07\/image-28-parc-de-la-riviere-des-mille-les-300x169.jpg","datePublished":"2025-07-17T13:37:29+00:00","dateModified":"2025-09-02T14:08:21+00:00","description":"Le refuge faunique de la Rivi\u00e8re-des-Mille-\u00celes est une aire prot\u00e9g\u00e9e situ\u00e9 sur la rivi\u00e8re du m\u00eame nom \u00e0 Laval et Rosem\u00e8re. Le territoire du refuge est compos\u00e9 de dix \u00eeles ayant une superficie totale de 26 ha. Elle est g\u00e9r\u00e9e par l'organisme \u00c9co-Nature","breadcrumb":{"@id":"https:\/\/www.parc-mille-iles.qc.ca\/en\/deux-montagnes\/#breadcrumb"},"inLanguage":"en-US","potentialAction":[{"@type":"ReadAction","target":["https:\/\/www.parc-mille-iles.qc.ca\/en\/deux-montagnes\/"]}]},{"@type":"ImageObject","inLanguage":"en-US","@id":"https:\/\/www.parc-mille-iles.qc.ca\/en\/deux-montagnes\/#primaryimage","url":"https:\/\/www.parc-mille-iles.qc.ca\/wp-content\/uploads\/2025\/07\/image-28-parc-de-la-riviere-des-mille-les-300x169.jpg","contentUrl":"https:\/\/www.parc-mille-iles.qc.ca\/wp-content\/uploads\/2025\/07\/image-28-parc-de-la-riviere-des-mille-les-300x169.jpg"},{"@type":"BreadcrumbList","@id":"https:\/\/www.parc-mille-iles.qc.ca\/en\/deux-montagnes\/#breadcrumb","itemListElement":[{"@type":"ListItem","position":1,"name":"Accueil","item":"https:\/\/www.parc-mille-iles.qc.ca\/en\/"},{"@type":"ListItem","position":2,"name":"NEW : Deux-Montagnes"}]},{"@type":"WebSite","@id":"https:\/\/www.parc-mille-iles.qc.ca\/#website","url":"https:\/\/www.parc-mille-iles.qc.ca\/","name":"Parc de la Rivi\u00e8re-des-Mille-\u00celes","description":"","potentialAction":[{"@type":"SearchAction","target":{"@type":"EntryPoint","urlTemplate":"https:\/\/www.parc-mille-iles.qc.ca\/?s={search_term_string}"},"query-input":{"@type":"PropertyValueSpecification","valueRequired":true,"valueName":"search_term_string"}}],"inLanguage":"en-US"}]}},"_links":{"self":[{"href":"https:\/\/www.parc-mille-iles.qc.ca\/en\/wp-json\/wp\/v2\/pages\/11823","targetHints":{"allow":["GET"]}}],"collection":[{"href":"https:\/\/www.parc-mille-iles.qc.ca\/en\/wp-json\/wp\/v2\/pages"}],"about":[{"href":"https:\/\/www.parc-mille-iles.qc.ca\/en\/wp-json\/wp\/v2\/types\/page"}],"author":[{"embeddable":true,"href":"https:\/\/www.parc-mille-iles.qc.ca\/en\/wp-json\/wp\/v2\/users\/13"}],"replies":[{"embeddable":true,"href":"https:\/\/www.parc-mille-iles.qc.ca\/en\/wp-json\/wp\/v2\/comments?post=11823"}],"version-history":[{"count":5,"href":"https:\/\/www.parc-mille-iles.qc.ca\/en\/wp-json\/wp\/v2\/pages\/11823\/revisions"}],"predecessor-version":[{"id":11952,"href":"https:\/\/www.parc-mille-iles.qc.ca\/en\/wp-json\/wp\/v2\/pages\/11823\/revisions\/11952"}],"wp:attachment":[{"href":"https:\/\/www.parc-mille-iles.qc.ca\/en\/wp-json\/wp\/v2\/media?parent=11823"}],"curies":[{"name":"wp","href":"https:\/\/api.w.org\/{rel}","templated":true}]}}