{"id":2633,"date":"2019-06-20T16:06:59","date_gmt":"2019-06-20T20:06:59","guid":{"rendered":"https:\/\/www.parc-mille-iles.qc.ca\/?page_id=2633"},"modified":"2025-01-27T11:02:10","modified_gmt":"2025-01-27T16:02:10","slug":"photo-credits","status":"publish","type":"page","link":"https:\/\/www.parc-mille-iles.qc.ca\/en\/photo-credits\/","title":{"rendered":"Photo Credits"},"content":{"rendered":"<ul>\r\n\t<li><strong>Andr\u00e9e Chevrier<\/strong><\/li>\r\n\t<li><strong>Francis Allaire<\/strong><\/li>\r\n\t<li><strong>Catherine Angehrn<\/strong><\/li>\r\n\t<li><strong>Sophie Poliquin<\/strong><\/li>\r\n\t<li><strong>Maximilien Rolland<\/strong><\/li>\r\n\t<li><strong>Larry Lafleur<\/strong><\/li>\r\n\t<li><strong>Georges L. Armistead<\/strong><\/li>\r\n\t<li><strong>Elodie Hamel<\/strong><\/li>\r\n\t<li><strong>Ana\u00efs Boutin\u00a0<\/strong><\/li>\r\n<\/ul>","protected":false},"excerpt":{"rendered":"<p>Andr\u00e9e Chevrier<br \/>\n\tFrancis Allaire<br \/>\n\tCatherine Angehrn<br \/>\n\tSophie Poliquin<br \/>\n\tMaximilien Rolland<br \/>\n\tLarry Lafleur<br \/>\n\tGeorges L. Armistead<br \/>\n\tElodie Hamel<br \/>\n\tAna\u00efs Boutin\u00a0<\/p>\n","protected":false},"author":11,"featured_media":0,"parent":0,"menu_order":0,"comment_status":"closed","ping_status":"closed","template":"","meta":{"_acf_changed":false,"footnotes":""},"class_list":["post-2633","page","type-page","status-publish","hentry"],"acf":[],"yoast_head":"<!-- This site is optimized with the Yoast SEO plugin v27.4 - https:\/\/yoast.com\/product\/yoast-seo-wordpress\/ -->\n<title>Photo Credits - Parc de la Rivi\u00e8re-des-Mille-\u00celes<\/title>\n<meta name=\"description\" content=\"Le refuge faunique de la Rivi\u00e8re-des-Mille-\u00celes est une aire prot\u00e9g\u00e9e situ\u00e9 sur la rivi\u00e8re du m\u00eame nom \u00e0 Laval et Rosem\u00e8re. Le territoire du refuge est compos\u00e9 de dix \u00eeles ayant une superficie totale de 26 ha. Elle est g\u00e9r\u00e9e par l&#039;organisme \u00c9co-Nature\" \/>\n<meta name=\"robots\" content=\"index, follow, max-snippet:-1, max-image-preview:large, max-video-preview:-1\" \/>\n<link rel=\"canonical\" href=\"https:\/\/www.parc-mille-iles.qc.ca\/en\/photo-credits\/\" \/>\n<meta property=\"og:locale\" content=\"en_US\" \/>\n<meta property=\"og:type\" content=\"article\" \/>\n<meta property=\"og:title\" content=\"Photo Credits - Parc de la Rivi\u00e8re-des-Mille-\u00celes\" \/>\n<meta property=\"og:description\" content=\"Le refuge faunique de la Rivi\u00e8re-des-Mille-\u00celes est une aire prot\u00e9g\u00e9e situ\u00e9 sur la rivi\u00e8re du m\u00eame nom \u00e0 Laval et Rosem\u00e8re. Le territoire du refuge est compos\u00e9 de dix \u00eeles ayant une superficie totale de 26 ha. Elle est g\u00e9r\u00e9e par l&#039;organisme \u00c9co-Nature\" \/>\n<meta property=\"og:url\" content=\"https:\/\/www.parc-mille-iles.qc.ca\/en\/photo-credits\/\" \/>\n<meta property=\"og:site_name\" content=\"Parc de la Rivi\u00e8re-des-Mille-\u00celes\" \/>\n<meta property=\"article:publisher\" content=\"https:\/\/fr-ca.facebook.com\/parc1000iles\/\" \/>\n<meta property=\"article:modified_time\" content=\"2025-01-27T16:02:10+00:00\" \/>\n<meta property=\"og:image\" content=\"https:\/\/www.parc-mille-iles.qc.ca\/wp-content\/uploads\/2019\/05\/Capture-1.png\" \/>\n\t<meta property=\"og:image:width\" content=\"1277\" \/>\n\t<meta property=\"og:image:height\" content=\"586\" \/>\n\t<meta property=\"og:image:type\" content=\"image\/png\" \/>\n<meta name=\"twitter:card\" content=\"summary_large_image\" \/>\n<script type=\"application\/ld+json\" class=\"yoast-schema-graph\">{\"@context\":\"https:\\\/\\\/schema.org\",\"@graph\":[{\"@type\":\"WebPage\",\"@id\":\"https:\\\/\\\/www.parc-mille-iles.qc.ca\\\/en\\\/photo-credits\\\/\",\"url\":\"https:\\\/\\\/www.parc-mille-iles.qc.ca\\\/en\\\/photo-credits\\\/\",\"name\":\"Photo Credits - Parc de la Rivi\u00e8re-des-Mille-\u00celes\",\"isPartOf\":{\"@id\":\"https:\\\/\\\/www.parc-mille-iles.qc.ca\\\/#website\"},\"datePublished\":\"2019-06-20T20:06:59+00:00\",\"dateModified\":\"2025-01-27T16:02:10+00:00\",\"description\":\"Le refuge faunique de la Rivi\u00e8re-des-Mille-\u00celes est une aire prot\u00e9g\u00e9e situ\u00e9 sur la rivi\u00e8re du m\u00eame nom \u00e0 Laval et Rosem\u00e8re. Le territoire du refuge est compos\u00e9 de dix \u00eeles ayant une superficie totale de 26 ha. Elle est g\u00e9r\u00e9e par l'organisme \u00c9co-Nature\",\"breadcrumb\":{\"@id\":\"https:\\\/\\\/www.parc-mille-iles.qc.ca\\\/en\\\/photo-credits\\\/#breadcrumb\"},\"inLanguage\":\"en-US\",\"potentialAction\":[{\"@type\":\"ReadAction\",\"target\":[\"https:\\\/\\\/www.parc-mille-iles.qc.ca\\\/en\\\/photo-credits\\\/\"]}]},{\"@type\":\"BreadcrumbList\",\"@id\":\"https:\\\/\\\/www.parc-mille-iles.qc.ca\\\/en\\\/photo-credits\\\/#breadcrumb\",\"itemListElement\":[{\"@type\":\"ListItem\",\"position\":1,\"name\":\"Accueil\",\"item\":\"https:\\\/\\\/www.parc-mille-iles.qc.ca\\\/en\\\/\"},{\"@type\":\"ListItem\",\"position\":2,\"name\":\"Photo Credits\"}]},{\"@type\":\"WebSite\",\"@id\":\"https:\\\/\\\/www.parc-mille-iles.qc.ca\\\/#website\",\"url\":\"https:\\\/\\\/www.parc-mille-iles.qc.ca\\\/\",\"name\":\"Parc de la Rivi\u00e8re-des-Mille-\u00celes\",\"description\":\"\",\"potentialAction\":[{\"@type\":\"SearchAction\",\"target\":{\"@type\":\"EntryPoint\",\"urlTemplate\":\"https:\\\/\\\/www.parc-mille-iles.qc.ca\\\/?s={search_term_string}\"},\"query-input\":{\"@type\":\"PropertyValueSpecification\",\"valueRequired\":true,\"valueName\":\"search_term_string\"}}],\"inLanguage\":\"en-US\"}]}<\/script>\n<!-- \/ Yoast SEO plugin. -->","yoast_head_json":{"title":"Photo Credits - Parc de la Rivi\u00e8re-des-Mille-\u00celes","description":"Le refuge faunique de la Rivi\u00e8re-des-Mille-\u00celes est une aire prot\u00e9g\u00e9e situ\u00e9 sur la rivi\u00e8re du m\u00eame nom \u00e0 Laval et Rosem\u00e8re. Le territoire du refuge est compos\u00e9 de dix \u00eeles ayant une superficie totale de 26 ha. Elle est g\u00e9r\u00e9e par l'organisme \u00c9co-Nature","robots":{"index":"index","follow":"follow","max-snippet":"max-snippet:-1","max-image-preview":"max-image-preview:large","max-video-preview":"max-video-preview:-1"},"canonical":"https:\/\/www.parc-mille-iles.qc.ca\/en\/photo-credits\/","og_locale":"en_US","og_type":"article","og_title":"Photo Credits - Parc de la Rivi\u00e8re-des-Mille-\u00celes","og_description":"Le refuge faunique de la Rivi\u00e8re-des-Mille-\u00celes est une aire prot\u00e9g\u00e9e situ\u00e9 sur la rivi\u00e8re du m\u00eame nom \u00e0 Laval et Rosem\u00e8re. Le territoire du refuge est compos\u00e9 de dix \u00eeles ayant une superficie totale de 26 ha. Elle est g\u00e9r\u00e9e par l'organisme \u00c9co-Nature","og_url":"https:\/\/www.parc-mille-iles.qc.ca\/en\/photo-credits\/","og_site_name":"Parc de la Rivi\u00e8re-des-Mille-\u00celes","article_publisher":"https:\/\/fr-ca.facebook.com\/parc1000iles\/","article_modified_time":"2025-01-27T16:02:10+00:00","og_image":[{"width":1277,"height":586,"url":"https:\/\/www.parc-mille-iles.qc.ca\/wp-content\/uploads\/2019\/05\/Capture-1.png","type":"image\/png"}],"twitter_card":"summary_large_image","schema":{"@context":"https:\/\/schema.org","@graph":[{"@type":"WebPage","@id":"https:\/\/www.parc-mille-iles.qc.ca\/en\/photo-credits\/","url":"https:\/\/www.parc-mille-iles.qc.ca\/en\/photo-credits\/","name":"Photo Credits - Parc de la Rivi\u00e8re-des-Mille-\u00celes","isPartOf":{"@id":"https:\/\/www.parc-mille-iles.qc.ca\/#website"},"datePublished":"2019-06-20T20:06:59+00:00","dateModified":"2025-01-27T16:02:10+00:00","description":"Le refuge faunique de la Rivi\u00e8re-des-Mille-\u00celes est une aire prot\u00e9g\u00e9e situ\u00e9 sur la rivi\u00e8re du m\u00eame nom \u00e0 Laval et Rosem\u00e8re. Le territoire du refuge est compos\u00e9 de dix \u00eeles ayant une superficie totale de 26 ha. Elle est g\u00e9r\u00e9e par l'organisme \u00c9co-Nature","breadcrumb":{"@id":"https:\/\/www.parc-mille-iles.qc.ca\/en\/photo-credits\/#breadcrumb"},"inLanguage":"en-US","potentialAction":[{"@type":"ReadAction","target":["https:\/\/www.parc-mille-iles.qc.ca\/en\/photo-credits\/"]}]},{"@type":"BreadcrumbList","@id":"https:\/\/www.parc-mille-iles.qc.ca\/en\/photo-credits\/#breadcrumb","itemListElement":[{"@type":"ListItem","position":1,"name":"Accueil","item":"https:\/\/www.parc-mille-iles.qc.ca\/en\/"},{"@type":"ListItem","position":2,"name":"Photo Credits"}]},{"@type":"WebSite","@id":"https:\/\/www.parc-mille-iles.qc.ca\/#website","url":"https:\/\/www.parc-mille-iles.qc.ca\/","name":"Parc de la Rivi\u00e8re-des-Mille-\u00celes","description":"","potentialAction":[{"@type":"SearchAction","target":{"@type":"EntryPoint","urlTemplate":"https:\/\/www.parc-mille-iles.qc.ca\/?s={search_term_string}"},"query-input":{"@type":"PropertyValueSpecification","valueRequired":true,"valueName":"search_term_string"}}],"inLanguage":"en-US"}]}},"_links":{"self":[{"href":"https:\/\/www.parc-mille-iles.qc.ca\/en\/wp-json\/wp\/v2\/pages\/2633","targetHints":{"allow":["GET"]}}],"collection":[{"href":"https:\/\/www.parc-mille-iles.qc.ca\/en\/wp-json\/wp\/v2\/pages"}],"about":[{"href":"https:\/\/www.parc-mille-iles.qc.ca\/en\/wp-json\/wp\/v2\/types\/page"}],"author":[{"embeddable":true,"href":"https:\/\/www.parc-mille-iles.qc.ca\/en\/wp-json\/wp\/v2\/users\/11"}],"replies":[{"embeddable":true,"href":"https:\/\/www.parc-mille-iles.qc.ca\/en\/wp-json\/wp\/v2\/comments?post=2633"}],"version-history":[{"count":3,"href":"https:\/\/www.parc-mille-iles.qc.ca\/en\/wp-json\/wp\/v2\/pages\/2633\/revisions"}],"predecessor-version":[{"id":11016,"href":"https:\/\/www.parc-mille-iles.qc.ca\/en\/wp-json\/wp\/v2\/pages\/2633\/revisions\/11016"}],"wp:attachment":[{"href":"https:\/\/www.parc-mille-iles.qc.ca\/en\/wp-json\/wp\/v2\/media?parent=2633"}],"curies":[{"name":"wp","href":"https:\/\/api.w.org\/{rel}","templated":true}]}}