{"id":7862,"date":"2022-04-14T09:34:18","date_gmt":"2022-04-14T13:34:18","guid":{"rendered":"https:\/\/www.parc-mille-iles.qc.ca\/?page_id=7862"},"modified":"2025-09-02T09:57:59","modified_gmt":"2025-09-02T13:57:59","slug":"boisbriand","status":"publish","type":"page","link":"https:\/\/www.parc-mille-iles.qc.ca\/en\/boisbriand\/","title":{"rendered":"Boisbriand"},"content":{"rendered":"\n<figure class=\"wp-block-image\"><img loading=\"lazy\" decoding=\"async\" width=\"225\" height=\"300\" src=\"https:\/\/www.parc-mille-iles.qc.ca\/wp-content\/uploads\/2025\/06\/IMG_0661-225x300.jpeg\" alt=\"\" class=\"wp-image-11715\" srcset=\"https:\/\/www.parc-mille-iles.qc.ca\/wp-content\/uploads\/2025\/06\/IMG_0661-225x300.jpeg 225w, https:\/\/www.parc-mille-iles.qc.ca\/wp-content\/uploads\/2025\/06\/IMG_0661-768x1024.jpeg 768w, https:\/\/www.parc-mille-iles.qc.ca\/wp-content\/uploads\/2025\/06\/IMG_0661-1152x1536.jpeg 1152w, https:\/\/www.parc-mille-iles.qc.ca\/wp-content\/uploads\/2025\/06\/IMG_0661.jpeg 1536w\" sizes=\"auto, (max-width: 225px) 100vw, 225px\" \/><\/figure>\n\n\n\n<figure class=\"wp-block-image\"><img loading=\"lazy\" decoding=\"async\" width=\"225\" height=\"300\" src=\"https:\/\/www.parc-mille-iles.qc.ca\/wp-content\/uploads\/2025\/06\/IMG_0723-225x300.jpeg\" alt=\"\" class=\"wp-image-11717\" srcset=\"https:\/\/www.parc-mille-iles.qc.ca\/wp-content\/uploads\/2025\/06\/IMG_0723-225x300.jpeg 225w, https:\/\/www.parc-mille-iles.qc.ca\/wp-content\/uploads\/2025\/06\/IMG_0723-768x1024.jpeg 768w, https:\/\/www.parc-mille-iles.qc.ca\/wp-content\/uploads\/2025\/06\/IMG_0723-1152x1536.jpeg 1152w, https:\/\/www.parc-mille-iles.qc.ca\/wp-content\/uploads\/2025\/06\/IMG_0723.jpeg 1536w\" sizes=\"auto, (max-width: 225px) 100vw, 225px\" \/><\/figure>\n\n\n\n<p><\/p>\n\n\n\n<p>Whether you&#8217;re on your own, with family or friends, rent a boat and set off on an adventure through the islands and marshes. You can rent the boat of your choice on a first-come, first-served basis. Boat rentals are available for three-hour blocks or for the day.<\/p>\n\n\n\n<p><em>The Boisbriand ERRE site is part of our network of ERRE \u00c9comobilit\u00e9 sites. &nbsp;<\/em><a style=\"display: inline-block; background-color: #009cdf; color: #ffffff; padding: 12px 24px; text-decoration: none; border-radius: 3px; font-size: 16px;\" href=\"https:\/\/erre.ca\"> Find out more<\/a><\/p>\n\n\n\n<h3 class=\"wp-block-heading\"><span style=\"color: #000000;\">Informations<\/span><\/h3>\n\n\n\n<p><span style=\"color: #ff0000;\"><em><strong>The summer season is now over for our ERRE sites: a huge thank you to everyone for your wonderful visits, and see you next summer for new adventures!<\/strong><\/em><\/span><\/p>\n\n\n\n<p><a style=\"display: inline-block; background-color: #009cdf; color: #ffffff; padding: 12px 24px; text-decoration: none; border-radius: 3px; font-size: 16px;\" href=\"\/?activites_saisons=paddle-through-the-bayou\"> Consult prices<\/a>&nbsp;<\/p>\n\n\n\n<p><strong>NEW: For the 40th anniversary of \u00c9co-Nature, all boat rentals include free admission to the Museum for the same day (except Rabaska).<\/strong><\/p>\n\n\n\n<h3 class=\"wp-block-heading\"><span style=\"color: #000000;\">Weather conditions<\/span><\/h3>\n\n\n\n<p>Our boat rental centers may have to close quickly in the event of dangerous weather conditions, such as thunderstorms or gusty winds. As soon as conditions return to normal, our sites are reopened. Our priority is your safety! Please note that the centers remain open in the event of rain.<\/p>\n\n\n\n<p>If you have any doubts about the weather, please call the Park reception desk for the current status of operations at 450.622.1020. Thank you for your understanding!<\/p>\n\n\n\n<p>********<\/p>\n\n\n\n<p>Nestled in the Baie des Grandes Largeurs, discover new landscapes and cruise along unexplored shores. A veritable oasis of biodiversity, the intimate bay in the Parc des Berges sector is home to several species of turtle and submerged plants.<\/p>\n\n\n\n<p><b><strong><a href=\"https:\/\/www.parc-mille-iles.qc.ca\/en\/activities\/\">Try the interactive river tour!<\/a><\/strong><\/b><\/p>\n","protected":false},"excerpt":{"rendered":"<p>Whether you&#8217;re on your own, with family or friends, rent a boat and set off on an adventure through the islands and marshes. You can rent the boat of your choice on a first-come, first-served basis. Boat rentals are available for three-hour blocks or for the day.<\/p>\n<p>The Boisbriand ERRE site is part of our network of ERRE \u00c9comobilit\u00e9 sites. &nbsp;<a style=\"display: inline-block; background-color: #009cdf; color: #ffffff; padding: 12px 24px; text-decoration: none; border-radius: 3px; font-size: 16px;\" href=\"https:\/\/erre.ca\"> Find out more<\/a><\/p>\n<p>Informations<\/p>\n<p>The summer season is now over for our [&#8230;]<\/p>\n","protected":false},"author":1,"featured_media":0,"parent":0,"menu_order":0,"comment_status":"closed","ping_status":"closed","template":"template-location.php","meta":{"_acf_changed":false,"footnotes":""},"class_list":["post-7862","page","type-page","status-publish","hentry"],"acf":[],"yoast_head":"<!-- This site is optimized with the Yoast SEO plugin v27.4 - https:\/\/yoast.com\/product\/yoast-seo-wordpress\/ -->\n<title>Boisbriand - Parc de la Rivi\u00e8re-des-Mille-\u00celes<\/title>\n<meta name=\"description\" content=\"Le refuge faunique de la Rivi\u00e8re-des-Mille-\u00celes est une aire prot\u00e9g\u00e9e situ\u00e9 sur la rivi\u00e8re du m\u00eame nom \u00e0 Laval et Rosem\u00e8re. Le territoire du refuge est compos\u00e9 de dix \u00eeles ayant une superficie totale de 26 ha. Elle est g\u00e9r\u00e9e par l&#039;organisme \u00c9co-Nature\" \/>\n<meta name=\"robots\" content=\"index, follow, max-snippet:-1, max-image-preview:large, max-video-preview:-1\" \/>\n<link rel=\"canonical\" href=\"https:\/\/www.parc-mille-iles.qc.ca\/en\/boisbriand\/\" \/>\n<meta property=\"og:locale\" content=\"en_US\" \/>\n<meta property=\"og:type\" content=\"article\" \/>\n<meta property=\"og:title\" content=\"Boisbriand - Parc de la Rivi\u00e8re-des-Mille-\u00celes\" \/>\n<meta property=\"og:description\" content=\"Le refuge faunique de la Rivi\u00e8re-des-Mille-\u00celes est une aire prot\u00e9g\u00e9e situ\u00e9 sur la rivi\u00e8re du m\u00eame nom \u00e0 Laval et Rosem\u00e8re. Le territoire du refuge est compos\u00e9 de dix \u00eeles ayant une superficie totale de 26 ha. Elle est g\u00e9r\u00e9e par l&#039;organisme \u00c9co-Nature\" \/>\n<meta property=\"og:url\" content=\"https:\/\/www.parc-mille-iles.qc.ca\/en\/boisbriand\/\" \/>\n<meta property=\"og:site_name\" content=\"Parc de la Rivi\u00e8re-des-Mille-\u00celes\" \/>\n<meta property=\"article:publisher\" content=\"https:\/\/fr-ca.facebook.com\/parc1000iles\/\" \/>\n<meta property=\"article:modified_time\" content=\"2025-09-02T13:57:59+00:00\" \/>\n<meta property=\"og:image\" content=\"https:\/\/www.parc-mille-iles.qc.ca\/wp-content\/uploads\/2025\/06\/IMG_0661.jpeg\" \/>\n\t<meta property=\"og:image:width\" content=\"1536\" \/>\n\t<meta property=\"og:image:height\" content=\"2048\" \/>\n\t<meta property=\"og:image:type\" content=\"image\/jpeg\" \/>\n<meta name=\"twitter:card\" content=\"summary_large_image\" \/>\n<meta name=\"twitter:label1\" content=\"Est. reading time\" \/>\n\t<meta name=\"twitter:data1\" content=\"2 minutes\" \/>\n<script type=\"application\/ld+json\" class=\"yoast-schema-graph\">{\"@context\":\"https:\\\/\\\/schema.org\",\"@graph\":[{\"@type\":\"WebPage\",\"@id\":\"https:\\\/\\\/www.parc-mille-iles.qc.ca\\\/en\\\/boisbriand\\\/\",\"url\":\"https:\\\/\\\/www.parc-mille-iles.qc.ca\\\/en\\\/boisbriand\\\/\",\"name\":\"Boisbriand - Parc de la Rivi\u00e8re-des-Mille-\u00celes\",\"isPartOf\":{\"@id\":\"https:\\\/\\\/www.parc-mille-iles.qc.ca\\\/#website\"},\"primaryImageOfPage\":{\"@id\":\"https:\\\/\\\/www.parc-mille-iles.qc.ca\\\/en\\\/boisbriand\\\/#primaryimage\"},\"image\":{\"@id\":\"https:\\\/\\\/www.parc-mille-iles.qc.ca\\\/en\\\/boisbriand\\\/#primaryimage\"},\"thumbnailUrl\":\"https:\\\/\\\/www.parc-mille-iles.qc.ca\\\/wp-content\\\/uploads\\\/2025\\\/06\\\/IMG_0661-225x300.jpeg\",\"datePublished\":\"2022-04-14T13:34:18+00:00\",\"dateModified\":\"2025-09-02T13:57:59+00:00\",\"description\":\"Le refuge faunique de la Rivi\u00e8re-des-Mille-\u00celes est une aire prot\u00e9g\u00e9e situ\u00e9 sur la rivi\u00e8re du m\u00eame nom \u00e0 Laval et Rosem\u00e8re. Le territoire du refuge est compos\u00e9 de dix \u00eeles ayant une superficie totale de 26 ha. Elle est g\u00e9r\u00e9e par l'organisme \u00c9co-Nature\",\"breadcrumb\":{\"@id\":\"https:\\\/\\\/www.parc-mille-iles.qc.ca\\\/en\\\/boisbriand\\\/#breadcrumb\"},\"inLanguage\":\"en-US\",\"potentialAction\":[{\"@type\":\"ReadAction\",\"target\":[\"https:\\\/\\\/www.parc-mille-iles.qc.ca\\\/en\\\/boisbriand\\\/\"]}]},{\"@type\":\"ImageObject\",\"inLanguage\":\"en-US\",\"@id\":\"https:\\\/\\\/www.parc-mille-iles.qc.ca\\\/en\\\/boisbriand\\\/#primaryimage\",\"url\":\"https:\\\/\\\/www.parc-mille-iles.qc.ca\\\/wp-content\\\/uploads\\\/2025\\\/06\\\/IMG_0661-225x300.jpeg\",\"contentUrl\":\"https:\\\/\\\/www.parc-mille-iles.qc.ca\\\/wp-content\\\/uploads\\\/2025\\\/06\\\/IMG_0661-225x300.jpeg\"},{\"@type\":\"BreadcrumbList\",\"@id\":\"https:\\\/\\\/www.parc-mille-iles.qc.ca\\\/en\\\/boisbriand\\\/#breadcrumb\",\"itemListElement\":[{\"@type\":\"ListItem\",\"position\":1,\"name\":\"Accueil\",\"item\":\"https:\\\/\\\/www.parc-mille-iles.qc.ca\\\/en\\\/\"},{\"@type\":\"ListItem\",\"position\":2,\"name\":\"Boisbriand\"}]},{\"@type\":\"WebSite\",\"@id\":\"https:\\\/\\\/www.parc-mille-iles.qc.ca\\\/#website\",\"url\":\"https:\\\/\\\/www.parc-mille-iles.qc.ca\\\/\",\"name\":\"Parc de la Rivi\u00e8re-des-Mille-\u00celes\",\"description\":\"\",\"potentialAction\":[{\"@type\":\"SearchAction\",\"target\":{\"@type\":\"EntryPoint\",\"urlTemplate\":\"https:\\\/\\\/www.parc-mille-iles.qc.ca\\\/?s={search_term_string}\"},\"query-input\":{\"@type\":\"PropertyValueSpecification\",\"valueRequired\":true,\"valueName\":\"search_term_string\"}}],\"inLanguage\":\"en-US\"}]}<\/script>\n<!-- \/ Yoast SEO plugin. -->","yoast_head_json":{"title":"Boisbriand - Parc de la Rivi\u00e8re-des-Mille-\u00celes","description":"Le refuge faunique de la Rivi\u00e8re-des-Mille-\u00celes est une aire prot\u00e9g\u00e9e situ\u00e9 sur la rivi\u00e8re du m\u00eame nom \u00e0 Laval et Rosem\u00e8re. Le territoire du refuge est compos\u00e9 de dix \u00eeles ayant une superficie totale de 26 ha. Elle est g\u00e9r\u00e9e par l'organisme \u00c9co-Nature","robots":{"index":"index","follow":"follow","max-snippet":"max-snippet:-1","max-image-preview":"max-image-preview:large","max-video-preview":"max-video-preview:-1"},"canonical":"https:\/\/www.parc-mille-iles.qc.ca\/en\/boisbriand\/","og_locale":"en_US","og_type":"article","og_title":"Boisbriand - Parc de la Rivi\u00e8re-des-Mille-\u00celes","og_description":"Le refuge faunique de la Rivi\u00e8re-des-Mille-\u00celes est une aire prot\u00e9g\u00e9e situ\u00e9 sur la rivi\u00e8re du m\u00eame nom \u00e0 Laval et Rosem\u00e8re. Le territoire du refuge est compos\u00e9 de dix \u00eeles ayant une superficie totale de 26 ha. Elle est g\u00e9r\u00e9e par l'organisme \u00c9co-Nature","og_url":"https:\/\/www.parc-mille-iles.qc.ca\/en\/boisbriand\/","og_site_name":"Parc de la Rivi\u00e8re-des-Mille-\u00celes","article_publisher":"https:\/\/fr-ca.facebook.com\/parc1000iles\/","article_modified_time":"2025-09-02T13:57:59+00:00","og_image":[{"width":1536,"height":2048,"url":"https:\/\/www.parc-mille-iles.qc.ca\/wp-content\/uploads\/2025\/06\/IMG_0661.jpeg","type":"image\/jpeg"}],"twitter_card":"summary_large_image","twitter_misc":{"Est. reading time":"2 minutes"},"schema":{"@context":"https:\/\/schema.org","@graph":[{"@type":"WebPage","@id":"https:\/\/www.parc-mille-iles.qc.ca\/en\/boisbriand\/","url":"https:\/\/www.parc-mille-iles.qc.ca\/en\/boisbriand\/","name":"Boisbriand - Parc de la Rivi\u00e8re-des-Mille-\u00celes","isPartOf":{"@id":"https:\/\/www.parc-mille-iles.qc.ca\/#website"},"primaryImageOfPage":{"@id":"https:\/\/www.parc-mille-iles.qc.ca\/en\/boisbriand\/#primaryimage"},"image":{"@id":"https:\/\/www.parc-mille-iles.qc.ca\/en\/boisbriand\/#primaryimage"},"thumbnailUrl":"https:\/\/www.parc-mille-iles.qc.ca\/wp-content\/uploads\/2025\/06\/IMG_0661-225x300.jpeg","datePublished":"2022-04-14T13:34:18+00:00","dateModified":"2025-09-02T13:57:59+00:00","description":"Le refuge faunique de la Rivi\u00e8re-des-Mille-\u00celes est une aire prot\u00e9g\u00e9e situ\u00e9 sur la rivi\u00e8re du m\u00eame nom \u00e0 Laval et Rosem\u00e8re. Le territoire du refuge est compos\u00e9 de dix \u00eeles ayant une superficie totale de 26 ha. Elle est g\u00e9r\u00e9e par l'organisme \u00c9co-Nature","breadcrumb":{"@id":"https:\/\/www.parc-mille-iles.qc.ca\/en\/boisbriand\/#breadcrumb"},"inLanguage":"en-US","potentialAction":[{"@type":"ReadAction","target":["https:\/\/www.parc-mille-iles.qc.ca\/en\/boisbriand\/"]}]},{"@type":"ImageObject","inLanguage":"en-US","@id":"https:\/\/www.parc-mille-iles.qc.ca\/en\/boisbriand\/#primaryimage","url":"https:\/\/www.parc-mille-iles.qc.ca\/wp-content\/uploads\/2025\/06\/IMG_0661-225x300.jpeg","contentUrl":"https:\/\/www.parc-mille-iles.qc.ca\/wp-content\/uploads\/2025\/06\/IMG_0661-225x300.jpeg"},{"@type":"BreadcrumbList","@id":"https:\/\/www.parc-mille-iles.qc.ca\/en\/boisbriand\/#breadcrumb","itemListElement":[{"@type":"ListItem","position":1,"name":"Accueil","item":"https:\/\/www.parc-mille-iles.qc.ca\/en\/"},{"@type":"ListItem","position":2,"name":"Boisbriand"}]},{"@type":"WebSite","@id":"https:\/\/www.parc-mille-iles.qc.ca\/#website","url":"https:\/\/www.parc-mille-iles.qc.ca\/","name":"Parc de la Rivi\u00e8re-des-Mille-\u00celes","description":"","potentialAction":[{"@type":"SearchAction","target":{"@type":"EntryPoint","urlTemplate":"https:\/\/www.parc-mille-iles.qc.ca\/?s={search_term_string}"},"query-input":{"@type":"PropertyValueSpecification","valueRequired":true,"valueName":"search_term_string"}}],"inLanguage":"en-US"}]}},"_links":{"self":[{"href":"https:\/\/www.parc-mille-iles.qc.ca\/en\/wp-json\/wp\/v2\/pages\/7862","targetHints":{"allow":["GET"]}}],"collection":[{"href":"https:\/\/www.parc-mille-iles.qc.ca\/en\/wp-json\/wp\/v2\/pages"}],"about":[{"href":"https:\/\/www.parc-mille-iles.qc.ca\/en\/wp-json\/wp\/v2\/types\/page"}],"author":[{"embeddable":true,"href":"https:\/\/www.parc-mille-iles.qc.ca\/en\/wp-json\/wp\/v2\/users\/1"}],"replies":[{"embeddable":true,"href":"https:\/\/www.parc-mille-iles.qc.ca\/en\/wp-json\/wp\/v2\/comments?post=7862"}],"version-history":[{"count":21,"href":"https:\/\/www.parc-mille-iles.qc.ca\/en\/wp-json\/wp\/v2\/pages\/7862\/revisions"}],"predecessor-version":[{"id":11946,"href":"https:\/\/www.parc-mille-iles.qc.ca\/en\/wp-json\/wp\/v2\/pages\/7862\/revisions\/11946"}],"wp:attachment":[{"href":"https:\/\/www.parc-mille-iles.qc.ca\/en\/wp-json\/wp\/v2\/media?parent=7862"}],"curies":[{"name":"wp","href":"https:\/\/api.w.org\/{rel}","templated":true}]}}