{"id":7867,"date":"2022-04-14T09:36:50","date_gmt":"2022-04-14T13:36:50","guid":{"rendered":"https:\/\/www.parc-mille-iles.qc.ca\/?page_id=7867"},"modified":"2025-10-16T08:31:37","modified_gmt":"2025-10-16T12:31:37","slug":"laval","status":"publish","type":"page","link":"https:\/\/www.parc-mille-iles.qc.ca\/en\/laval\/","title":{"rendered":"Laval"},"content":{"rendered":"<h3><span style=\"color: #ff0000;\"><strong>Our watercraft rental in Laval is now closed for winter season. We will welcome you for 2026 summer season ! Do not forget to follow us on social media @parc1000iles and have a look at our activities calendar :\u00a0 <a style=\"color: #ff0000;\" href=\"https:\/\/www.parc-mille-iles.qc.ca\/en\/calendar\/\">Calendar &#8211; Parc de la Rivi\u00e8re-des-Mille-\u00celes<\/a><\/strong><\/span><\/h3>\nOn your own, or with family or friends, <strong>rent a boat and take off on an adventure across the islands and the swamps.<\/strong> You may rent the boat of your choice according to a first come first serve principle. Boat rental is available for blocks of three hours or for the day.\n<h3>Informations<\/h3>\n<ul>\n \t<li><strong>September 2 to October 13, 2025<\/strong>\nOpen only on Saturdays, Sundays and public holidays from 10:00 to 17:00<\/li>\n<\/ul>\n<a style=\"display: inline-block; background-color: #009cdf; color: #ffffff; padding: 12px 24px; text-decoration: none; border-radius: 3px; font-size: 16px;\" href=\"\/?activites_saisons=paddle-through-the-bayou\">Consult prices<\/a>\n\n<strong>NEW: For the 40th anniversary of \u00c9co-Nature, all boat rentals include free admission to the Museum for the same day (except Rabaska).<\/strong>\n<h3><span style=\"color: #0299d6;\">Weather conditions<\/span><\/h3>\nOur boat rental centers may have to close quickly in the event of dangerous weather conditions, such as thunderstorms or gusty winds. As soon as conditions return to normal, our sites are reopened. Our priority is your safety! Please note that the centers remain open in the event of rain.\n\nIf you have any doubts about the weather, please call the Park reception desk for the current status of operations at 450.622.1020. Thank you for your understanding!\n\n*******\n\nDid you know? Our Laval boat rental center is one of the largest in Quebec! <strong>Rent a boat and set off on an adventure through the islands and marshes.<\/strong> You can rent the boat of your choice on a first-come, first-served basis. Boat rental is available for blocks of three hours or for the day.\n\n<span style=\"font-size: 12pt; color: #0299d6;\"><strong><a style=\"color: #0299d6;\" href=\"https:\/\/www.parc-mille-iles.qc.ca\/en\/activities\/#map\">Try the interactive tour of the river!<\/a><\/strong><\/span>","protected":false},"excerpt":{"rendered":"<p>Our watercraft rental in Laval is now closed for winter season. We will welcome you for 2026 summer season ! Do not forget to follow us on social media @parc1000iles and have a look at our activities calendar :\u00a0 <a style=\"color: #ff0000;\" href=\"https:\/\/www.parc-mille-iles.qc.ca\/en\/calendar\/\">Calendar &#8211; Parc de la Rivi\u00e8re-des-Mille-\u00celes<\/a><br \/>\nOn your own, or with family or friends, rent a boat and take off on an adventure across the islands and the swamps. You may rent the boat [&#8230;]<\/p>\n","protected":false},"author":1,"featured_media":0,"parent":0,"menu_order":0,"comment_status":"closed","ping_status":"closed","template":"template-location.php","meta":{"_acf_changed":false,"footnotes":""},"class_list":["post-7867","page","type-page","status-publish","hentry"],"acf":[],"yoast_head":"<!-- This site is optimized with the Yoast SEO plugin v27.4 - https:\/\/yoast.com\/product\/yoast-seo-wordpress\/ -->\n<title>Laval - Parc de la Rivi\u00e8re-des-Mille-\u00celes<\/title>\n<meta name=\"description\" content=\"Le refuge faunique de la Rivi\u00e8re-des-Mille-\u00celes est une aire prot\u00e9g\u00e9e situ\u00e9 sur la rivi\u00e8re du m\u00eame nom \u00e0 Laval et Rosem\u00e8re. Le territoire du refuge est compos\u00e9 de dix \u00eeles ayant une superficie totale de 26 ha. Elle est g\u00e9r\u00e9e par l&#039;organisme \u00c9co-Nature\" \/>\n<meta name=\"robots\" content=\"index, follow, max-snippet:-1, max-image-preview:large, max-video-preview:-1\" \/>\n<link rel=\"canonical\" href=\"https:\/\/www.parc-mille-iles.qc.ca\/en\/laval\/\" \/>\n<meta property=\"og:locale\" content=\"en_US\" \/>\n<meta property=\"og:type\" content=\"article\" \/>\n<meta property=\"og:title\" content=\"Laval - Parc de la Rivi\u00e8re-des-Mille-\u00celes\" \/>\n<meta property=\"og:description\" content=\"Le refuge faunique de la Rivi\u00e8re-des-Mille-\u00celes est une aire prot\u00e9g\u00e9e situ\u00e9 sur la rivi\u00e8re du m\u00eame nom \u00e0 Laval et Rosem\u00e8re. Le territoire du refuge est compos\u00e9 de dix \u00eeles ayant une superficie totale de 26 ha. Elle est g\u00e9r\u00e9e par l&#039;organisme \u00c9co-Nature\" \/>\n<meta property=\"og:url\" content=\"https:\/\/www.parc-mille-iles.qc.ca\/en\/laval\/\" \/>\n<meta property=\"og:site_name\" content=\"Parc de la Rivi\u00e8re-des-Mille-\u00celes\" \/>\n<meta property=\"article:publisher\" content=\"https:\/\/fr-ca.facebook.com\/parc1000iles\/\" \/>\n<meta property=\"article:modified_time\" content=\"2025-10-16T12:31:37+00:00\" \/>\n<meta property=\"og:image\" content=\"https:\/\/www.parc-mille-iles.qc.ca\/wp-content\/uploads\/2019\/05\/Capture-1.png\" \/>\n\t<meta property=\"og:image:width\" content=\"1277\" \/>\n\t<meta property=\"og:image:height\" content=\"586\" \/>\n\t<meta property=\"og:image:type\" content=\"image\/png\" \/>\n<meta name=\"twitter:card\" content=\"summary_large_image\" \/>\n<meta name=\"twitter:label1\" content=\"Est. reading time\" \/>\n\t<meta name=\"twitter:data1\" content=\"2 minutes\" \/>\n<script type=\"application\/ld+json\" class=\"yoast-schema-graph\">{\"@context\":\"https:\\\/\\\/schema.org\",\"@graph\":[{\"@type\":\"WebPage\",\"@id\":\"https:\\\/\\\/www.parc-mille-iles.qc.ca\\\/en\\\/laval\\\/\",\"url\":\"https:\\\/\\\/www.parc-mille-iles.qc.ca\\\/en\\\/laval\\\/\",\"name\":\"Laval - Parc de la Rivi\u00e8re-des-Mille-\u00celes\",\"isPartOf\":{\"@id\":\"https:\\\/\\\/www.parc-mille-iles.qc.ca\\\/#website\"},\"datePublished\":\"2022-04-14T13:36:50+00:00\",\"dateModified\":\"2025-10-16T12:31:37+00:00\",\"description\":\"Le refuge faunique de la Rivi\u00e8re-des-Mille-\u00celes est une aire prot\u00e9g\u00e9e situ\u00e9 sur la rivi\u00e8re du m\u00eame nom \u00e0 Laval et Rosem\u00e8re. Le territoire du refuge est compos\u00e9 de dix \u00eeles ayant une superficie totale de 26 ha. Elle est g\u00e9r\u00e9e par l'organisme \u00c9co-Nature\",\"breadcrumb\":{\"@id\":\"https:\\\/\\\/www.parc-mille-iles.qc.ca\\\/en\\\/laval\\\/#breadcrumb\"},\"inLanguage\":\"en-US\",\"potentialAction\":[{\"@type\":\"ReadAction\",\"target\":[\"https:\\\/\\\/www.parc-mille-iles.qc.ca\\\/en\\\/laval\\\/\"]}]},{\"@type\":\"BreadcrumbList\",\"@id\":\"https:\\\/\\\/www.parc-mille-iles.qc.ca\\\/en\\\/laval\\\/#breadcrumb\",\"itemListElement\":[{\"@type\":\"ListItem\",\"position\":1,\"name\":\"Accueil\",\"item\":\"https:\\\/\\\/www.parc-mille-iles.qc.ca\\\/en\\\/\"},{\"@type\":\"ListItem\",\"position\":2,\"name\":\"Laval\"}]},{\"@type\":\"WebSite\",\"@id\":\"https:\\\/\\\/www.parc-mille-iles.qc.ca\\\/#website\",\"url\":\"https:\\\/\\\/www.parc-mille-iles.qc.ca\\\/\",\"name\":\"Parc de la Rivi\u00e8re-des-Mille-\u00celes\",\"description\":\"\",\"potentialAction\":[{\"@type\":\"SearchAction\",\"target\":{\"@type\":\"EntryPoint\",\"urlTemplate\":\"https:\\\/\\\/www.parc-mille-iles.qc.ca\\\/?s={search_term_string}\"},\"query-input\":{\"@type\":\"PropertyValueSpecification\",\"valueRequired\":true,\"valueName\":\"search_term_string\"}}],\"inLanguage\":\"en-US\"}]}<\/script>\n<!-- \/ Yoast SEO plugin. -->","yoast_head_json":{"title":"Laval - Parc de la Rivi\u00e8re-des-Mille-\u00celes","description":"Le refuge faunique de la Rivi\u00e8re-des-Mille-\u00celes est une aire prot\u00e9g\u00e9e situ\u00e9 sur la rivi\u00e8re du m\u00eame nom \u00e0 Laval et Rosem\u00e8re. Le territoire du refuge est compos\u00e9 de dix \u00eeles ayant une superficie totale de 26 ha. Elle est g\u00e9r\u00e9e par l'organisme \u00c9co-Nature","robots":{"index":"index","follow":"follow","max-snippet":"max-snippet:-1","max-image-preview":"max-image-preview:large","max-video-preview":"max-video-preview:-1"},"canonical":"https:\/\/www.parc-mille-iles.qc.ca\/en\/laval\/","og_locale":"en_US","og_type":"article","og_title":"Laval - Parc de la Rivi\u00e8re-des-Mille-\u00celes","og_description":"Le refuge faunique de la Rivi\u00e8re-des-Mille-\u00celes est une aire prot\u00e9g\u00e9e situ\u00e9 sur la rivi\u00e8re du m\u00eame nom \u00e0 Laval et Rosem\u00e8re. Le territoire du refuge est compos\u00e9 de dix \u00eeles ayant une superficie totale de 26 ha. Elle est g\u00e9r\u00e9e par l'organisme \u00c9co-Nature","og_url":"https:\/\/www.parc-mille-iles.qc.ca\/en\/laval\/","og_site_name":"Parc de la Rivi\u00e8re-des-Mille-\u00celes","article_publisher":"https:\/\/fr-ca.facebook.com\/parc1000iles\/","article_modified_time":"2025-10-16T12:31:37+00:00","og_image":[{"width":1277,"height":586,"url":"https:\/\/www.parc-mille-iles.qc.ca\/wp-content\/uploads\/2019\/05\/Capture-1.png","type":"image\/png"}],"twitter_card":"summary_large_image","twitter_misc":{"Est. reading time":"2 minutes"},"schema":{"@context":"https:\/\/schema.org","@graph":[{"@type":"WebPage","@id":"https:\/\/www.parc-mille-iles.qc.ca\/en\/laval\/","url":"https:\/\/www.parc-mille-iles.qc.ca\/en\/laval\/","name":"Laval - Parc de la Rivi\u00e8re-des-Mille-\u00celes","isPartOf":{"@id":"https:\/\/www.parc-mille-iles.qc.ca\/#website"},"datePublished":"2022-04-14T13:36:50+00:00","dateModified":"2025-10-16T12:31:37+00:00","description":"Le refuge faunique de la Rivi\u00e8re-des-Mille-\u00celes est une aire prot\u00e9g\u00e9e situ\u00e9 sur la rivi\u00e8re du m\u00eame nom \u00e0 Laval et Rosem\u00e8re. Le territoire du refuge est compos\u00e9 de dix \u00eeles ayant une superficie totale de 26 ha. Elle est g\u00e9r\u00e9e par l'organisme \u00c9co-Nature","breadcrumb":{"@id":"https:\/\/www.parc-mille-iles.qc.ca\/en\/laval\/#breadcrumb"},"inLanguage":"en-US","potentialAction":[{"@type":"ReadAction","target":["https:\/\/www.parc-mille-iles.qc.ca\/en\/laval\/"]}]},{"@type":"BreadcrumbList","@id":"https:\/\/www.parc-mille-iles.qc.ca\/en\/laval\/#breadcrumb","itemListElement":[{"@type":"ListItem","position":1,"name":"Accueil","item":"https:\/\/www.parc-mille-iles.qc.ca\/en\/"},{"@type":"ListItem","position":2,"name":"Laval"}]},{"@type":"WebSite","@id":"https:\/\/www.parc-mille-iles.qc.ca\/#website","url":"https:\/\/www.parc-mille-iles.qc.ca\/","name":"Parc de la Rivi\u00e8re-des-Mille-\u00celes","description":"","potentialAction":[{"@type":"SearchAction","target":{"@type":"EntryPoint","urlTemplate":"https:\/\/www.parc-mille-iles.qc.ca\/?s={search_term_string}"},"query-input":{"@type":"PropertyValueSpecification","valueRequired":true,"valueName":"search_term_string"}}],"inLanguage":"en-US"}]}},"_links":{"self":[{"href":"https:\/\/www.parc-mille-iles.qc.ca\/en\/wp-json\/wp\/v2\/pages\/7867","targetHints":{"allow":["GET"]}}],"collection":[{"href":"https:\/\/www.parc-mille-iles.qc.ca\/en\/wp-json\/wp\/v2\/pages"}],"about":[{"href":"https:\/\/www.parc-mille-iles.qc.ca\/en\/wp-json\/wp\/v2\/types\/page"}],"author":[{"embeddable":true,"href":"https:\/\/www.parc-mille-iles.qc.ca\/en\/wp-json\/wp\/v2\/users\/1"}],"replies":[{"embeddable":true,"href":"https:\/\/www.parc-mille-iles.qc.ca\/en\/wp-json\/wp\/v2\/comments?post=7867"}],"version-history":[{"count":29,"href":"https:\/\/www.parc-mille-iles.qc.ca\/en\/wp-json\/wp\/v2\/pages\/7867\/revisions"}],"predecessor-version":[{"id":12071,"href":"https:\/\/www.parc-mille-iles.qc.ca\/en\/wp-json\/wp\/v2\/pages\/7867\/revisions\/12071"}],"wp:attachment":[{"href":"https:\/\/www.parc-mille-iles.qc.ca\/en\/wp-json\/wp\/v2\/media?parent=7867"}],"curies":[{"name":"wp","href":"https:\/\/api.w.org\/{rel}","templated":true}]}}